{"id":29306,"date":"2026-02-25T22:22:09","date_gmt":"2026-02-25T19:22:09","guid":{"rendered":"https:\/\/tasocagi.com\/?post_type=product&#038;p=29306"},"modified":"2026-03-12T10:48:21","modified_gmt":"2026-03-12T07:48:21","slug":"turkuaz-kaplangozu-dogal-tas-tesbih","status":"publish","type":"product","link":"https:\/\/tasocagi.com\/?product=turkuaz-kaplangozu-dogal-tas-tesbih","title":{"rendered":"Turkuaz Kaplang\u00f6z\u00fc Do\u011fal Ta\u015f Tesbih"},"content":{"rendered":"<h5 class=\"\">Turkuaz Kaplang\u00f6z\u00fc Tesbih \u2013 Turquoise Tiger Eye<\/h5>\n<p data-start=\"54\" data-end=\"87\"><strong data-start=\"54\" data-end=\"87\">Tane Boyutu: 6mm &#8211; 8mm &#8211; 10mm<\/strong><\/p>\n<p data-start=\"89\" data-end=\"212\">\u00dcr\u00fcn foto\u011fraf\u0131 temsili olup do\u011fal ta\u015f olmas\u0131 sebebiyle renk, desen, a\u011f\u0131rl\u0131k ve boyutlarda k\u00fc\u00e7\u00fck farkl\u0131l\u0131klar g\u00f6r\u00fclebilir.<\/p>\n<h5 data-start=\"214\" data-end=\"294\"><strong data-start=\"214\" data-end=\"292\">T\u00dcM TA\u015eLARIMIZ SERT\u0130F\u0130KALIDIR VE OR\u0130J\u0130NALL\u0130\u011e\u0130 F\u0130RMA G\u00dcVENCEM\u0130Z ALTINDADIR.<\/strong><\/h5>\n<p data-start=\"296\" data-end=\"388\">T\u00fcm T\u00fcrkiye i\u00e7in kargo \u00fccreti 60 TL&#8217;dir, 500 TL ve \u00fczeri al\u0131\u015fveri\u015flerde Kargo \u00dccretsizdir.<\/p>\n<hr data-start=\"390\" data-end=\"393\" \/>\n<h5 class=\"\">Turkuaz Kaplang\u00f6z\u00fc (Turquoise Tiger Eye)<\/h5>\n<p data-start=\"441\" data-end=\"662\"><span class=\"hover:entity-accent entity-underline inline cursor-pointer align-baseline\">Tiger&#8217;s Eye<\/span>\u2019nin turkuaz tonlara sahip \u00f6zel bir varyetesidir. I\u015f\u0131\u011fa g\u00f6re de\u011fi\u015fen ipeksi yans\u0131malar\u0131yla dikkat \u00e7eker. Modern ve enerjik g\u00f6r\u00fcn\u00fcm\u00fc sayesinde tesbih tasar\u0131mlar\u0131nda s\u0131k\u00e7a tercih edilir.<\/p>\n<p data-start=\"664\" data-end=\"693\"><strong data-start=\"664\" data-end=\"693\">Faydalar\u0131 (inan\u0131\u015fa g\u00f6re):<\/strong><\/p>\n<ul>\n<li>Negatif enerjilere kar\u015f\u0131 koruma sa\u011flad\u0131\u011f\u0131 d\u00fc\u015f\u00fcn\u00fcl\u00fcr.<\/li>\n<li>\u00d6zg\u00fcven ve motivasyonu destekledi\u011fine inan\u0131l\u0131r.<\/li>\n<li>Zihinsel netlik kazand\u0131rd\u0131\u011f\u0131 ve odaklanmay\u0131 art\u0131rd\u0131\u011f\u0131 kabul edilir.<\/li>\n<li>\u0130leti\u015fim g\u00fcc\u00fcn\u00fc g\u00fc\u00e7lendirdi\u011fi s\u00f6ylenir.<\/li>\n<li>Enerji dengesini sa\u011flamaya yard\u0131mc\u0131 oldu\u011funa inan\u0131l\u0131r.<\/li>\n<\/ul>\n<hr data-start=\"962\" data-end=\"965\" \/>\n<p data-start=\"967\" data-end=\"1013\"><strong data-start=\"967\" data-end=\"986\">Uyumlu Bur\u00e7lar:<\/strong><br data-start=\"986\" data-end=\"989\" \/>\u0130kizler \u2013 Aslan \u2013 Kova<\/p>\n<p data-start=\"1015\" data-end=\"1059\" data-is-last-node=\"\" data-is-only-node=\"\"><strong data-start=\"1015\" data-end=\"1032\">Uyumlu \u00c7akra:<\/strong><br data-start=\"1032\" data-end=\"1035\" \/>5. \u00c7akra (Bo\u011faz \u00c7akras\u0131)<\/p>\n<p data-start=\"1015\" data-end=\"1059\" data-is-last-node=\"\" data-is-only-node=\"\">*G\u00f6rsel 8mm tesbihe aittir.<\/p>\n","protected":false},"excerpt":{"rendered":"<p>Turkuaz Kaplang\u00f6z\u00fc Tesbih \u2013 Turquoise Tiger Eye Tane Boyutu: 6mm &#8211; 8mm &#8211; 10mm \u00dcr\u00fcn foto\u011fraf\u0131 temsili olup do\u011fal ta\u015f<\/p>\n","protected":false},"featured_media":29315,"comment_status":"open","ping_status":"closed","template":"","meta":[],"product_brand":[],"product_cat":[75],"product_tag":[],"class_list":{"0":"post-29306","1":"product","2":"type-product","3":"status-publish","4":"has-post-thumbnail","6":"product_cat-tesbih","8":"first","9":"instock","10":"sale","11":"taxable","12":"shipping-taxable","13":"purchasable","14":"product-type-variable"},"yoast_head":"<!-- This site is optimized with the Yoast SEO plugin v27.1.1 - https:\/\/yoast.com\/product\/yoast-seo-wordpress\/ -->\n<title>Turkuaz Kaplang\u00f6z\u00fc Do\u011fal Ta\u015f Tesbih<\/title>\n<meta name=\"description\" content=\"%100 Orijinal sertifikal\u0131 turkuaz kaplang\u00f6z\u00fc tesbih ile \u015f\u0131kl\u0131\u011f\u0131 ve enerjiyi hissedin. Kaliteli do\u011fal ta\u015f tak\u0131 modellerini uygun fiyatlarla hemen ke\u015ffedin.\" \/>\n<meta name=\"robots\" content=\"index, follow, max-snippet:-1, max-image-preview:large, max-video-preview:-1\" \/>\n<link rel=\"canonical\" href=\"https:\/\/tasocagi.com\/?product=turkuaz-kaplangozu-dogal-tas-tesbih\" \/>\n<meta property=\"og:locale\" content=\"tr_TR\" \/>\n<meta property=\"og:type\" content=\"article\" \/>\n<meta property=\"og:title\" content=\"Turkuaz Kaplang\u00f6z\u00fc Do\u011fal Ta\u015f Tesbih\" \/>\n<meta property=\"og:description\" content=\"%100 Orijinal sertifikal\u0131 turkuaz kaplang\u00f6z\u00fc tesbih ile \u015f\u0131kl\u0131\u011f\u0131 ve enerjiyi hissedin. Kaliteli do\u011fal ta\u015f tak\u0131 modellerini uygun fiyatlarla hemen ke\u015ffedin.\" \/>\n<meta property=\"og:url\" content=\"https:\/\/tasocagi.com\/?product=turkuaz-kaplangozu-dogal-tas-tesbih\" \/>\n<meta property=\"og:site_name\" content=\"tasocagi\" \/>\n<meta property=\"article:modified_time\" content=\"2026-03-12T07:48:21+00:00\" \/>\n<meta property=\"og:image\" content=\"https:\/\/tasocagi.com\/wp-content\/uploads\/2026\/02\/turkuaz-kaplangozu.jpg\" \/>\n\t<meta property=\"og:image:width\" content=\"1024\" \/>\n\t<meta property=\"og:image:height\" content=\"1024\" \/>\n\t<meta property=\"og:image:type\" content=\"image\/jpeg\" \/>\n<meta name=\"twitter:card\" content=\"summary_large_image\" \/>\n<meta name=\"twitter:label1\" content=\"Tahmini okuma s\u00fcresi\" \/>\n\t<meta name=\"twitter:data1\" content=\"1 dakika\" \/>\n<script type=\"application\/ld+json\" class=\"yoast-schema-graph\">{\"@context\":\"https:\/\/schema.org\",\"@graph\":[{\"@type\":\"WebPage\",\"@id\":\"https:\/\/tasocagi.com\/?product=turkuaz-kaplangozu-dogal-tas-tesbih\",\"url\":\"https:\/\/tasocagi.com\/?product=turkuaz-kaplangozu-dogal-tas-tesbih\",\"name\":\"Turkuaz Kaplang\u00f6z\u00fc Do\u011fal Ta\u015f Tesbih\",\"isPartOf\":{\"@id\":\"https:\/\/tasocagi.com\/#website\"},\"primaryImageOfPage\":{\"@id\":\"https:\/\/tasocagi.com\/?product=turkuaz-kaplangozu-dogal-tas-tesbih#primaryimage\"},\"image\":{\"@id\":\"https:\/\/tasocagi.com\/?product=turkuaz-kaplangozu-dogal-tas-tesbih#primaryimage\"},\"thumbnailUrl\":\"https:\/\/tasocagi.com\/wp-content\/uploads\/2026\/02\/turkuaz-kaplangozu.jpg\",\"datePublished\":\"2026-02-25T19:22:09+00:00\",\"dateModified\":\"2026-03-12T07:48:21+00:00\",\"description\":\"%100 Orijinal sertifikal\u0131 turkuaz kaplang\u00f6z\u00fc tesbih ile \u015f\u0131kl\u0131\u011f\u0131 ve enerjiyi hissedin. Kaliteli do\u011fal ta\u015f tak\u0131 modellerini uygun fiyatlarla hemen ke\u015ffedin.\",\"breadcrumb\":{\"@id\":\"https:\/\/tasocagi.com\/?product=turkuaz-kaplangozu-dogal-tas-tesbih#breadcrumb\"},\"inLanguage\":\"tr\",\"potentialAction\":[{\"@type\":\"ReadAction\",\"target\":[\"https:\/\/tasocagi.com\/?product=turkuaz-kaplangozu-dogal-tas-tesbih\"]}]},{\"@type\":\"ImageObject\",\"inLanguage\":\"tr\",\"@id\":\"https:\/\/tasocagi.com\/?product=turkuaz-kaplangozu-dogal-tas-tesbih#primaryimage\",\"url\":\"https:\/\/tasocagi.com\/wp-content\/uploads\/2026\/02\/turkuaz-kaplangozu.jpg\",\"contentUrl\":\"https:\/\/tasocagi.com\/wp-content\/uploads\/2026\/02\/turkuaz-kaplangozu.jpg\",\"width\":1024,\"height\":1024},{\"@type\":\"BreadcrumbList\",\"@id\":\"https:\/\/tasocagi.com\/?product=turkuaz-kaplangozu-dogal-tas-tesbih#breadcrumb\",\"itemListElement\":[{\"@type\":\"ListItem\",\"position\":1,\"name\":\"Anasayfa\",\"item\":\"https:\/\/tasocagi.com\/\"},{\"@type\":\"ListItem\",\"position\":2,\"name\":\"Shop\",\"item\":\"https:\/\/tasocagi.com\/?page_id=47\"},{\"@type\":\"ListItem\",\"position\":3,\"name\":\"Turkuaz Kaplang\u00f6z\u00fc Do\u011fal Ta\u015f Tesbih\"}]},{\"@type\":\"WebSite\",\"@id\":\"https:\/\/tasocagi.com\/#website\",\"url\":\"https:\/\/tasocagi.com\/\",\"name\":\"tasocagi\",\"description\":\"\",\"potentialAction\":[{\"@type\":\"SearchAction\",\"target\":{\"@type\":\"EntryPoint\",\"urlTemplate\":\"https:\/\/tasocagi.com\/?s={search_term_string}\"},\"query-input\":{\"@type\":\"PropertyValueSpecification\",\"valueRequired\":true,\"valueName\":\"search_term_string\"}}],\"inLanguage\":\"tr\"}]}<\/script>\n<!-- \/ Yoast SEO plugin. -->","yoast_head_json":{"title":"Turkuaz Kaplang\u00f6z\u00fc Do\u011fal Ta\u015f Tesbih","description":"%100 Orijinal sertifikal\u0131 turkuaz kaplang\u00f6z\u00fc tesbih ile \u015f\u0131kl\u0131\u011f\u0131 ve enerjiyi hissedin. Kaliteli do\u011fal ta\u015f tak\u0131 modellerini uygun fiyatlarla hemen ke\u015ffedin.","robots":{"index":"index","follow":"follow","max-snippet":"max-snippet:-1","max-image-preview":"max-image-preview:large","max-video-preview":"max-video-preview:-1"},"canonical":"https:\/\/tasocagi.com\/?product=turkuaz-kaplangozu-dogal-tas-tesbih","og_locale":"tr_TR","og_type":"article","og_title":"Turkuaz Kaplang\u00f6z\u00fc Do\u011fal Ta\u015f Tesbih","og_description":"%100 Orijinal sertifikal\u0131 turkuaz kaplang\u00f6z\u00fc tesbih ile \u015f\u0131kl\u0131\u011f\u0131 ve enerjiyi hissedin. Kaliteli do\u011fal ta\u015f tak\u0131 modellerini uygun fiyatlarla hemen ke\u015ffedin.","og_url":"https:\/\/tasocagi.com\/?product=turkuaz-kaplangozu-dogal-tas-tesbih","og_site_name":"tasocagi","article_modified_time":"2026-03-12T07:48:21+00:00","og_image":[{"width":1024,"height":1024,"url":"https:\/\/tasocagi.com\/wp-content\/uploads\/2026\/02\/turkuaz-kaplangozu.jpg","type":"image\/jpeg"}],"twitter_card":"summary_large_image","twitter_misc":{"Tahmini okuma s\u00fcresi":"1 dakika"},"schema":{"@context":"https:\/\/schema.org","@graph":[{"@type":"WebPage","@id":"https:\/\/tasocagi.com\/?product=turkuaz-kaplangozu-dogal-tas-tesbih","url":"https:\/\/tasocagi.com\/?product=turkuaz-kaplangozu-dogal-tas-tesbih","name":"Turkuaz Kaplang\u00f6z\u00fc Do\u011fal Ta\u015f Tesbih","isPartOf":{"@id":"https:\/\/tasocagi.com\/#website"},"primaryImageOfPage":{"@id":"https:\/\/tasocagi.com\/?product=turkuaz-kaplangozu-dogal-tas-tesbih#primaryimage"},"image":{"@id":"https:\/\/tasocagi.com\/?product=turkuaz-kaplangozu-dogal-tas-tesbih#primaryimage"},"thumbnailUrl":"https:\/\/tasocagi.com\/wp-content\/uploads\/2026\/02\/turkuaz-kaplangozu.jpg","datePublished":"2026-02-25T19:22:09+00:00","dateModified":"2026-03-12T07:48:21+00:00","description":"%100 Orijinal sertifikal\u0131 turkuaz kaplang\u00f6z\u00fc tesbih ile \u015f\u0131kl\u0131\u011f\u0131 ve enerjiyi hissedin. Kaliteli do\u011fal ta\u015f tak\u0131 modellerini uygun fiyatlarla hemen ke\u015ffedin.","breadcrumb":{"@id":"https:\/\/tasocagi.com\/?product=turkuaz-kaplangozu-dogal-tas-tesbih#breadcrumb"},"inLanguage":"tr","potentialAction":[{"@type":"ReadAction","target":["https:\/\/tasocagi.com\/?product=turkuaz-kaplangozu-dogal-tas-tesbih"]}]},{"@type":"ImageObject","inLanguage":"tr","@id":"https:\/\/tasocagi.com\/?product=turkuaz-kaplangozu-dogal-tas-tesbih#primaryimage","url":"https:\/\/tasocagi.com\/wp-content\/uploads\/2026\/02\/turkuaz-kaplangozu.jpg","contentUrl":"https:\/\/tasocagi.com\/wp-content\/uploads\/2026\/02\/turkuaz-kaplangozu.jpg","width":1024,"height":1024},{"@type":"BreadcrumbList","@id":"https:\/\/tasocagi.com\/?product=turkuaz-kaplangozu-dogal-tas-tesbih#breadcrumb","itemListElement":[{"@type":"ListItem","position":1,"name":"Anasayfa","item":"https:\/\/tasocagi.com\/"},{"@type":"ListItem","position":2,"name":"Shop","item":"https:\/\/tasocagi.com\/?page_id=47"},{"@type":"ListItem","position":3,"name":"Turkuaz Kaplang\u00f6z\u00fc Do\u011fal Ta\u015f Tesbih"}]},{"@type":"WebSite","@id":"https:\/\/tasocagi.com\/#website","url":"https:\/\/tasocagi.com\/","name":"tasocagi","description":"","potentialAction":[{"@type":"SearchAction","target":{"@type":"EntryPoint","urlTemplate":"https:\/\/tasocagi.com\/?s={search_term_string}"},"query-input":{"@type":"PropertyValueSpecification","valueRequired":true,"valueName":"search_term_string"}}],"inLanguage":"tr"}]}},"jetpack_sharing_enabled":true,"_links":{"self":[{"href":"https:\/\/tasocagi.com\/index.php?rest_route=\/wp\/v2\/product\/29306","targetHints":{"allow":["GET"]}}],"collection":[{"href":"https:\/\/tasocagi.com\/index.php?rest_route=\/wp\/v2\/product"}],"about":[{"href":"https:\/\/tasocagi.com\/index.php?rest_route=\/wp\/v2\/types\/product"}],"replies":[{"embeddable":true,"href":"https:\/\/tasocagi.com\/index.php?rest_route=%2Fwp%2Fv2%2Fcomments&post=29306"}],"version-history":[{"count":1,"href":"https:\/\/tasocagi.com\/index.php?rest_route=\/wp\/v2\/product\/29306\/revisions"}],"predecessor-version":[{"id":29307,"href":"https:\/\/tasocagi.com\/index.php?rest_route=\/wp\/v2\/product\/29306\/revisions\/29307"}],"wp:featuredmedia":[{"embeddable":true,"href":"https:\/\/tasocagi.com\/index.php?rest_route=\/wp\/v2\/media\/29315"}],"wp:attachment":[{"href":"https:\/\/tasocagi.com\/index.php?rest_route=%2Fwp%2Fv2%2Fmedia&parent=29306"}],"wp:term":[{"taxonomy":"product_brand","embeddable":true,"href":"https:\/\/tasocagi.com\/index.php?rest_route=%2Fwp%2Fv2%2Fproduct_brand&post=29306"},{"taxonomy":"product_cat","embeddable":true,"href":"https:\/\/tasocagi.com\/index.php?rest_route=%2Fwp%2Fv2%2Fproduct_cat&post=29306"},{"taxonomy":"product_tag","embeddable":true,"href":"https:\/\/tasocagi.com\/index.php?rest_route=%2Fwp%2Fv2%2Fproduct_tag&post=29306"}],"curies":[{"name":"wp","href":"https:\/\/api.w.org\/{rel}","templated":true}]}}