{"id":29316,"date":"2026-02-25T22:34:05","date_gmt":"2026-02-25T19:34:05","guid":{"rendered":"https:\/\/tasocagi.com\/?post_type=product&#038;p=29316"},"modified":"2026-03-12T10:44:17","modified_gmt":"2026-03-12T07:44:17","slug":"oniks-dogal-tas-bileklik-kure-kesim","status":"publish","type":"product","link":"https:\/\/tasocagi.com\/?product=oniks-dogal-tas-bileklik-kure-kesim","title":{"rendered":"Oniks Do\u011fal Ta\u015f Bileklik K\u00fcre Kesim"},"content":{"rendered":"<div>\n<h4 class=\"\">Oniks (Onyx)<\/h4>\n<p><b>Tane Boyutu: 6mm &#8211; 8mm<\/b><\/p>\n<\/div>\n<p data-start=\"113\" data-end=\"234\">\u00dcr\u00fcn foto\u011fraf\u0131 temsili olup do\u011fal ta\u015f olmas\u0131 sebebiyle renk, desen, a\u011f\u0131rl\u0131k ve boyutlarda k\u00fc\u00e7\u00fck farkl\u0131l\u0131klar g\u00f6r\u00fclebilir.<\/p>\n<h4 class=\"\">T\u00fcm ta\u015flar\u0131m\u0131z sertifikal\u0131d\u0131r ve firma g\u00fcvencemiz alt\u0131ndad\u0131r.<\/h4>\n<h4 class=\"\"><\/h4>\n<p data-start=\"236\" data-end=\"294\">T\u00fcm T\u00fcrkiye i\u00e7in kargo \u00fccreti 60 TL&#8217;dir, 500 TL ve \u00fczeri al\u0131\u015fveri\u015flerde Kargo \u00dccretsizdir.<\/p>\n<p data-start=\"319\" data-end=\"477\"><span class=\"hover:entity-accent entity-underline inline cursor-pointer align-baseline\">Onyx<\/span>\u00a0ta\u015f\u0131, g\u00fc\u00e7l\u00fc ve koruyucu bir do\u011fal ta\u015f olarak bilinir. Enerji verdi\u011fine ve ki\u015fisel dayan\u0131kl\u0131l\u0131\u011f\u0131 destekledi\u011fine inan\u0131l\u0131r.<\/p>\n<p><span data-start=\"479\" data-end=\"508\">Faydalar\u0131 (inan\u0131\u015fa g\u00f6re):<\/span><\/p>\n<ul>\n<li>Enerjiyi dengelemeye ve zindelik sa\u011flamaya yard\u0131mc\u0131 olur.<\/li>\n<li>Bedensel direnci destekledi\u011fine inan\u0131l\u0131r.<\/li>\n<li>Konsantrasyon ve odaklanma \u00fczerinde olumlu etkileri oldu\u011fu d\u00fc\u015f\u00fcn\u00fcl\u00fcr.<\/li>\n<li>Kararl\u0131l\u0131k ve \u00f6zg\u00fcveni g\u00fc\u00e7lendirdi\u011fi kabul edilir.<\/li>\n<\/ul>\n<hr data-start=\"748\" data-end=\"751\" \/>\n<p data-start=\"753\" data-end=\"790\"><span data-start=\"753\" data-end=\"772\">Uyumlu Bur\u00e7lar:<\/span><br data-start=\"772\" data-end=\"775\" \/>Aslan \u2013 O\u011flak<\/p>\n<p data-start=\"792\" data-end=\"811\"><span data-start=\"792\" data-end=\"809\">Uyumlu \u00c7akra:<\/span><span data-start=\"792\" data-end=\"809\"><br \/>\n<\/span><\/p>\n<p data-start=\"792\" data-end=\"811\"><span data-start=\"792\" data-end=\"809\">1.<\/span>\u00c7akra (K\u00f6k \u00c7akras\u0131)<\/p>\n<hr data-start=\"836\" data-end=\"839\" \/>\n<h6 data-start=\"841\" data-end=\"873\">*Paket \u0130\u00e7eri\u011fi: Do\u011fal ta\u015f bileklik 1 adet.<\/h6>\n","protected":false},"excerpt":{"rendered":"<p>Oniks (Onyx) Tane Boyutu: 6mm &#8211; 8mm \u00dcr\u00fcn foto\u011fraf\u0131 temsili olup do\u011fal ta\u015f olmas\u0131 sebebiyle renk, desen, a\u011f\u0131rl\u0131k ve boyutlarda<\/p>\n","protected":false},"featured_media":29319,"comment_status":"open","ping_status":"closed","template":"","meta":[],"product_brand":[],"product_cat":[23],"product_tag":[],"class_list":{"0":"post-29316","1":"product","2":"type-product","3":"status-publish","4":"has-post-thumbnail","6":"product_cat-bileklik","8":"first","9":"instock","10":"sale","11":"taxable","12":"shipping-taxable","13":"purchasable","14":"product-type-variable"},"yoast_head":"<!-- This site is optimized with the Yoast SEO plugin v27.1.1 - https:\/\/yoast.com\/product\/yoast-seo-wordpress\/ -->\n<title>Oniks Ta\u015f\u0131 Bileklik | Sertifikal\u0131 \u00dcr\u00fcnler<\/title>\n<meta name=\"description\" content=\"%100 orijinal oniks do\u011fal ta\u015f bileklik modelleri ile enerjinizi y\u00fckseltin. Sertifikal\u0131 ve garantili \u00fcr\u00fcnlerimizi uygun fiyatlarla hemen sipari\u015f verin.\" \/>\n<meta name=\"robots\" content=\"index, follow, max-snippet:-1, max-image-preview:large, max-video-preview:-1\" \/>\n<link rel=\"canonical\" href=\"https:\/\/tasocagi.com\/?product=oniks-dogal-tas-bileklik-kure-kesim\" \/>\n<meta property=\"og:locale\" content=\"tr_TR\" \/>\n<meta property=\"og:type\" content=\"article\" \/>\n<meta property=\"og:title\" content=\"Oniks Ta\u015f\u0131 Bileklik | Sertifikal\u0131 \u00dcr\u00fcnler\" \/>\n<meta property=\"og:description\" content=\"%100 orijinal oniks do\u011fal ta\u015f bileklik modelleri ile enerjinizi y\u00fckseltin. Sertifikal\u0131 ve garantili \u00fcr\u00fcnlerimizi uygun fiyatlarla hemen sipari\u015f verin.\" \/>\n<meta property=\"og:url\" content=\"https:\/\/tasocagi.com\/?product=oniks-dogal-tas-bileklik-kure-kesim\" \/>\n<meta property=\"og:site_name\" content=\"tasocagi\" \/>\n<meta property=\"article:modified_time\" content=\"2026-03-12T07:44:17+00:00\" \/>\n<meta property=\"og:image\" content=\"https:\/\/tasocagi.com\/wp-content\/uploads\/2026\/02\/6mm-oniks_upscayl_4x_upscayl-standard-4x-2-scaled.jpg\" \/>\n\t<meta property=\"og:image:width\" content=\"2560\" \/>\n\t<meta property=\"og:image:height\" content=\"2560\" \/>\n\t<meta property=\"og:image:type\" content=\"image\/jpeg\" \/>\n<meta name=\"twitter:card\" content=\"summary_large_image\" \/>\n<meta name=\"twitter:label1\" content=\"Tahmini okuma s\u00fcresi\" \/>\n\t<meta name=\"twitter:data1\" content=\"1 dakika\" \/>\n<script type=\"application\/ld+json\" class=\"yoast-schema-graph\">{\"@context\":\"https:\/\/schema.org\",\"@graph\":[{\"@type\":\"WebPage\",\"@id\":\"https:\/\/tasocagi.com\/?product=oniks-dogal-tas-bileklik-kure-kesim\",\"url\":\"https:\/\/tasocagi.com\/?product=oniks-dogal-tas-bileklik-kure-kesim\",\"name\":\"Oniks Ta\u015f\u0131 Bileklik | Sertifikal\u0131 \u00dcr\u00fcnler\",\"isPartOf\":{\"@id\":\"https:\/\/tasocagi.com\/#website\"},\"primaryImageOfPage\":{\"@id\":\"https:\/\/tasocagi.com\/?product=oniks-dogal-tas-bileklik-kure-kesim#primaryimage\"},\"image\":{\"@id\":\"https:\/\/tasocagi.com\/?product=oniks-dogal-tas-bileklik-kure-kesim#primaryimage\"},\"thumbnailUrl\":\"https:\/\/tasocagi.com\/wp-content\/uploads\/2026\/02\/6mm-oniks_upscayl_4x_upscayl-standard-4x-2-scaled.jpg\",\"datePublished\":\"2026-02-25T19:34:05+00:00\",\"dateModified\":\"2026-03-12T07:44:17+00:00\",\"description\":\"%100 orijinal oniks do\u011fal ta\u015f bileklik modelleri ile enerjinizi y\u00fckseltin. Sertifikal\u0131 ve garantili \u00fcr\u00fcnlerimizi uygun fiyatlarla hemen sipari\u015f verin.\",\"breadcrumb\":{\"@id\":\"https:\/\/tasocagi.com\/?product=oniks-dogal-tas-bileklik-kure-kesim#breadcrumb\"},\"inLanguage\":\"tr\",\"potentialAction\":[{\"@type\":\"ReadAction\",\"target\":[\"https:\/\/tasocagi.com\/?product=oniks-dogal-tas-bileklik-kure-kesim\"]}]},{\"@type\":\"ImageObject\",\"inLanguage\":\"tr\",\"@id\":\"https:\/\/tasocagi.com\/?product=oniks-dogal-tas-bileklik-kure-kesim#primaryimage\",\"url\":\"https:\/\/tasocagi.com\/wp-content\/uploads\/2026\/02\/6mm-oniks_upscayl_4x_upscayl-standard-4x-2-scaled.jpg\",\"contentUrl\":\"https:\/\/tasocagi.com\/wp-content\/uploads\/2026\/02\/6mm-oniks_upscayl_4x_upscayl-standard-4x-2-scaled.jpg\",\"width\":2560,\"height\":2560},{\"@type\":\"BreadcrumbList\",\"@id\":\"https:\/\/tasocagi.com\/?product=oniks-dogal-tas-bileklik-kure-kesim#breadcrumb\",\"itemListElement\":[{\"@type\":\"ListItem\",\"position\":1,\"name\":\"Anasayfa\",\"item\":\"https:\/\/tasocagi.com\/\"},{\"@type\":\"ListItem\",\"position\":2,\"name\":\"Shop\",\"item\":\"https:\/\/tasocagi.com\/?page_id=47\"},{\"@type\":\"ListItem\",\"position\":3,\"name\":\"Oniks Do\u011fal Ta\u015f Bileklik K\u00fcre Kesim\"}]},{\"@type\":\"WebSite\",\"@id\":\"https:\/\/tasocagi.com\/#website\",\"url\":\"https:\/\/tasocagi.com\/\",\"name\":\"tasocagi\",\"description\":\"\",\"potentialAction\":[{\"@type\":\"SearchAction\",\"target\":{\"@type\":\"EntryPoint\",\"urlTemplate\":\"https:\/\/tasocagi.com\/?s={search_term_string}\"},\"query-input\":{\"@type\":\"PropertyValueSpecification\",\"valueRequired\":true,\"valueName\":\"search_term_string\"}}],\"inLanguage\":\"tr\"}]}<\/script>\n<!-- \/ Yoast SEO plugin. -->","yoast_head_json":{"title":"Oniks Ta\u015f\u0131 Bileklik | Sertifikal\u0131 \u00dcr\u00fcnler","description":"%100 orijinal oniks do\u011fal ta\u015f bileklik modelleri ile enerjinizi y\u00fckseltin. Sertifikal\u0131 ve garantili \u00fcr\u00fcnlerimizi uygun fiyatlarla hemen sipari\u015f verin.","robots":{"index":"index","follow":"follow","max-snippet":"max-snippet:-1","max-image-preview":"max-image-preview:large","max-video-preview":"max-video-preview:-1"},"canonical":"https:\/\/tasocagi.com\/?product=oniks-dogal-tas-bileklik-kure-kesim","og_locale":"tr_TR","og_type":"article","og_title":"Oniks Ta\u015f\u0131 Bileklik | Sertifikal\u0131 \u00dcr\u00fcnler","og_description":"%100 orijinal oniks do\u011fal ta\u015f bileklik modelleri ile enerjinizi y\u00fckseltin. Sertifikal\u0131 ve garantili \u00fcr\u00fcnlerimizi uygun fiyatlarla hemen sipari\u015f verin.","og_url":"https:\/\/tasocagi.com\/?product=oniks-dogal-tas-bileklik-kure-kesim","og_site_name":"tasocagi","article_modified_time":"2026-03-12T07:44:17+00:00","og_image":[{"width":2560,"height":2560,"url":"https:\/\/tasocagi.com\/wp-content\/uploads\/2026\/02\/6mm-oniks_upscayl_4x_upscayl-standard-4x-2-scaled.jpg","type":"image\/jpeg"}],"twitter_card":"summary_large_image","twitter_misc":{"Tahmini okuma s\u00fcresi":"1 dakika"},"schema":{"@context":"https:\/\/schema.org","@graph":[{"@type":"WebPage","@id":"https:\/\/tasocagi.com\/?product=oniks-dogal-tas-bileklik-kure-kesim","url":"https:\/\/tasocagi.com\/?product=oniks-dogal-tas-bileklik-kure-kesim","name":"Oniks Ta\u015f\u0131 Bileklik | Sertifikal\u0131 \u00dcr\u00fcnler","isPartOf":{"@id":"https:\/\/tasocagi.com\/#website"},"primaryImageOfPage":{"@id":"https:\/\/tasocagi.com\/?product=oniks-dogal-tas-bileklik-kure-kesim#primaryimage"},"image":{"@id":"https:\/\/tasocagi.com\/?product=oniks-dogal-tas-bileklik-kure-kesim#primaryimage"},"thumbnailUrl":"https:\/\/tasocagi.com\/wp-content\/uploads\/2026\/02\/6mm-oniks_upscayl_4x_upscayl-standard-4x-2-scaled.jpg","datePublished":"2026-02-25T19:34:05+00:00","dateModified":"2026-03-12T07:44:17+00:00","description":"%100 orijinal oniks do\u011fal ta\u015f bileklik modelleri ile enerjinizi y\u00fckseltin. Sertifikal\u0131 ve garantili \u00fcr\u00fcnlerimizi uygun fiyatlarla hemen sipari\u015f verin.","breadcrumb":{"@id":"https:\/\/tasocagi.com\/?product=oniks-dogal-tas-bileklik-kure-kesim#breadcrumb"},"inLanguage":"tr","potentialAction":[{"@type":"ReadAction","target":["https:\/\/tasocagi.com\/?product=oniks-dogal-tas-bileklik-kure-kesim"]}]},{"@type":"ImageObject","inLanguage":"tr","@id":"https:\/\/tasocagi.com\/?product=oniks-dogal-tas-bileklik-kure-kesim#primaryimage","url":"https:\/\/tasocagi.com\/wp-content\/uploads\/2026\/02\/6mm-oniks_upscayl_4x_upscayl-standard-4x-2-scaled.jpg","contentUrl":"https:\/\/tasocagi.com\/wp-content\/uploads\/2026\/02\/6mm-oniks_upscayl_4x_upscayl-standard-4x-2-scaled.jpg","width":2560,"height":2560},{"@type":"BreadcrumbList","@id":"https:\/\/tasocagi.com\/?product=oniks-dogal-tas-bileklik-kure-kesim#breadcrumb","itemListElement":[{"@type":"ListItem","position":1,"name":"Anasayfa","item":"https:\/\/tasocagi.com\/"},{"@type":"ListItem","position":2,"name":"Shop","item":"https:\/\/tasocagi.com\/?page_id=47"},{"@type":"ListItem","position":3,"name":"Oniks Do\u011fal Ta\u015f Bileklik K\u00fcre Kesim"}]},{"@type":"WebSite","@id":"https:\/\/tasocagi.com\/#website","url":"https:\/\/tasocagi.com\/","name":"tasocagi","description":"","potentialAction":[{"@type":"SearchAction","target":{"@type":"EntryPoint","urlTemplate":"https:\/\/tasocagi.com\/?s={search_term_string}"},"query-input":{"@type":"PropertyValueSpecification","valueRequired":true,"valueName":"search_term_string"}}],"inLanguage":"tr"}]}},"jetpack_sharing_enabled":true,"_links":{"self":[{"href":"https:\/\/tasocagi.com\/index.php?rest_route=\/wp\/v2\/product\/29316","targetHints":{"allow":["GET"]}}],"collection":[{"href":"https:\/\/tasocagi.com\/index.php?rest_route=\/wp\/v2\/product"}],"about":[{"href":"https:\/\/tasocagi.com\/index.php?rest_route=\/wp\/v2\/types\/product"}],"replies":[{"embeddable":true,"href":"https:\/\/tasocagi.com\/index.php?rest_route=%2Fwp%2Fv2%2Fcomments&post=29316"}],"version-history":[{"count":1,"href":"https:\/\/tasocagi.com\/index.php?rest_route=\/wp\/v2\/product\/29316\/revisions"}],"predecessor-version":[{"id":29321,"href":"https:\/\/tasocagi.com\/index.php?rest_route=\/wp\/v2\/product\/29316\/revisions\/29321"}],"wp:featuredmedia":[{"embeddable":true,"href":"https:\/\/tasocagi.com\/index.php?rest_route=\/wp\/v2\/media\/29319"}],"wp:attachment":[{"href":"https:\/\/tasocagi.com\/index.php?rest_route=%2Fwp%2Fv2%2Fmedia&parent=29316"}],"wp:term":[{"taxonomy":"product_brand","embeddable":true,"href":"https:\/\/tasocagi.com\/index.php?rest_route=%2Fwp%2Fv2%2Fproduct_brand&post=29316"},{"taxonomy":"product_cat","embeddable":true,"href":"https:\/\/tasocagi.com\/index.php?rest_route=%2Fwp%2Fv2%2Fproduct_cat&post=29316"},{"taxonomy":"product_tag","embeddable":true,"href":"https:\/\/tasocagi.com\/index.php?rest_route=%2Fwp%2Fv2%2Fproduct_tag&post=29316"}],"curies":[{"name":"wp","href":"https:\/\/api.w.org\/{rel}","templated":true}]}}