{"id":29322,"date":"2026-02-25T22:42:10","date_gmt":"2026-02-25T19:42:10","guid":{"rendered":"https:\/\/tasocagi.com\/?post_type=product&#038;p=29322"},"modified":"2026-03-12T10:42:28","modified_gmt":"2026-03-12T07:42:28","slug":"malahit-dogal-tas-bileklik-kure-kesim","status":"publish","type":"product","link":"https:\/\/tasocagi.com\/?product=malahit-dogal-tas-bileklik-kure-kesim","title":{"rendered":"Malahit Do\u011fal Ta\u015f Bileklik K\u00fcre Kesim"},"content":{"rendered":"<h4 class=\"\">Malahit Bileklik \u2013 Malachite<\/h4>\n<p><b>Tane Boyutu: 6mm &#8211; 8mm<\/b><\/p>\n<p data-start=\"35\" data-end=\"158\">\u00dcr\u00fcn foto\u011fraf\u0131 temsili olup do\u011fal ta\u015f olmas\u0131 sebebiyle renk, desen, a\u011f\u0131rl\u0131k ve boyutlarda k\u00fc\u00e7\u00fck farkl\u0131l\u0131klar g\u00f6r\u00fclebilir.<\/p>\n<p data-start=\"160\" data-end=\"236\"><b>T\u00fcm ta\u015flar\u0131m\u0131z sertifikal\u0131d\u0131r ve orijinalli\u011fi firma g\u00fcvencemiz alt\u0131ndad\u0131r.<\/b><\/p>\n<p data-start=\"238\" data-end=\"330\">T\u00fcm T\u00fcrkiye i\u00e7in kargo \u00fccreti 60 TL&#8217;dir, 500 TL ve \u00fczeri al\u0131\u015fveri\u015flerde Kargo \u00dccretsizdir.<\/p>\n<hr data-start=\"332\" data-end=\"335\" \/>\n<h4 class=\"\">Malahit (Malachite)<\/h4>\n<p data-start=\"362\" data-end=\"601\"><span class=\"hover:entity-accent entity-underline inline cursor-pointer align-baseline\">Malachite<\/span>, bak\u0131r minerali i\u00e7eren ve karakteristik ye\u015fil bantl\u0131 desenleriyle bilinen do\u011fal bir ta\u015ft\u0131r. \u201cD\u00f6n\u00fc\u015f\u00fcm ve koruma ta\u015f\u0131\u201d olarak an\u0131l\u0131r. G\u00fc\u00e7l\u00fc enerjisiyle dikkat \u00e7eker ve negatif etkileri emdi\u011fine inan\u0131l\u0131r.<\/p>\n<p data-start=\"603\" data-end=\"632\"><strong data-start=\"603\" data-end=\"632\">Faydalar\u0131 (inan\u0131\u015fa g\u00f6re):<\/strong><\/p>\n<ul>\n<li>Negatif enerjilere kar\u015f\u0131 koruyucu etki sa\u011flad\u0131\u011f\u0131 d\u00fc\u015f\u00fcn\u00fcl\u00fcr.<\/li>\n<li>Duygusal d\u00f6n\u00fc\u015f\u00fcm ve i\u00e7sel fark\u0131ndal\u0131\u011f\u0131 destekler.<\/li>\n<li>Cesaret ve \u00f6zg\u00fcveni art\u0131rd\u0131\u011f\u0131na inan\u0131l\u0131r.<\/li>\n<li>Kalp k\u0131rg\u0131nl\u0131klar\u0131n\u0131 hafifletmeye yard\u0131mc\u0131 oldu\u011fu kabul edilir.<\/li>\n<li>Ruhsal geli\u015fim s\u00fcrecini destekledi\u011fi d\u00fc\u015f\u00fcn\u00fcl\u00fcr.<\/li>\n<\/ul>\n<hr data-start=\"919\" data-end=\"922\" \/>\n<p data-start=\"924\" data-end=\"968\"><strong data-start=\"924\" data-end=\"943\">Uyumlu Bur\u00e7lar:<\/strong><br data-start=\"943\" data-end=\"946\" \/>Bo\u011fa \u2013 Akrep \u2013 O\u011flak<\/p>\n<p data-start=\"970\" data-end=\"1013\" data-is-last-node=\"\" data-is-only-node=\"\"><strong data-start=\"970\" data-end=\"987\">Uyumlu \u00c7akra:<\/strong><br data-start=\"987\" data-end=\"990\" \/>4. \u00c7akra (Kalp \u00c7akras\u0131)<\/p>\n<p data-start=\"970\" data-end=\"1013\" data-is-last-node=\"\" data-is-only-node=\"\">*Paket i\u00e7eri\u011fi: Do\u011fal Ta\u015f Bileklik 1 adet.<\/p>\n","protected":false},"excerpt":{"rendered":"<p>Malahit Bileklik \u2013 Malachite Tane Boyutu: 6mm &#8211; 8mm \u00dcr\u00fcn foto\u011fraf\u0131 temsili olup do\u011fal ta\u015f olmas\u0131 sebebiyle renk, desen, a\u011f\u0131rl\u0131k<\/p>\n","protected":false},"featured_media":29326,"comment_status":"open","ping_status":"closed","template":"","meta":[],"product_brand":[],"product_cat":[23],"product_tag":[],"class_list":{"0":"post-29322","1":"product","2":"type-product","3":"status-publish","4":"has-post-thumbnail","6":"product_cat-bileklik","8":"first","9":"instock","10":"sale","11":"taxable","12":"shipping-taxable","13":"purchasable","14":"product-type-variable"},"yoast_head":"<!-- This site is optimized with the Yoast SEO plugin v27.1.1 - https:\/\/yoast.com\/product\/yoast-seo-wordpress\/ -->\n<title>Malahit Ta\u015f\u0131 Bileklik | Sertifikal\u0131 \u00dcr\u00fcn<\/title>\n<meta name=\"description\" content=\"%100 orijinal ve sertifikal\u0131 malahit do\u011fal ta\u015f bileklik modelleri burada. Do\u011fan\u0131n enerjisini bile\u011finizde hissedin. G\u00fcvenli al\u0131\u015fveri\u015f i\u00e7in hemen t\u0131klay\u0131n.\" \/>\n<meta name=\"robots\" content=\"index, follow, max-snippet:-1, max-image-preview:large, max-video-preview:-1\" \/>\n<link rel=\"canonical\" href=\"https:\/\/tasocagi.com\/?product=malahit-dogal-tas-bileklik-kure-kesim\" \/>\n<meta property=\"og:locale\" content=\"tr_TR\" \/>\n<meta property=\"og:type\" content=\"article\" \/>\n<meta property=\"og:title\" content=\"Malahit Ta\u015f\u0131 Bileklik | Sertifikal\u0131 \u00dcr\u00fcn\" \/>\n<meta property=\"og:description\" content=\"%100 orijinal ve sertifikal\u0131 malahit do\u011fal ta\u015f bileklik modelleri burada. Do\u011fan\u0131n enerjisini bile\u011finizde hissedin. G\u00fcvenli al\u0131\u015fveri\u015f i\u00e7in hemen t\u0131klay\u0131n.\" \/>\n<meta property=\"og:url\" content=\"https:\/\/tasocagi.com\/?product=malahit-dogal-tas-bileklik-kure-kesim\" \/>\n<meta property=\"og:site_name\" content=\"tasocagi\" \/>\n<meta property=\"article:modified_time\" content=\"2026-03-12T07:42:28+00:00\" \/>\n<meta property=\"og:image\" content=\"https:\/\/tasocagi.com\/wp-content\/uploads\/2026\/02\/malakit8mm2.jpg\" \/>\n\t<meta property=\"og:image:width\" content=\"1024\" \/>\n\t<meta property=\"og:image:height\" content=\"1024\" \/>\n\t<meta property=\"og:image:type\" content=\"image\/jpeg\" \/>\n<meta name=\"twitter:card\" content=\"summary_large_image\" \/>\n<meta name=\"twitter:label1\" content=\"Tahmini okuma s\u00fcresi\" \/>\n\t<meta name=\"twitter:data1\" content=\"1 dakika\" \/>\n<script type=\"application\/ld+json\" class=\"yoast-schema-graph\">{\"@context\":\"https:\/\/schema.org\",\"@graph\":[{\"@type\":\"WebPage\",\"@id\":\"https:\/\/tasocagi.com\/?product=malahit-dogal-tas-bileklik-kure-kesim\",\"url\":\"https:\/\/tasocagi.com\/?product=malahit-dogal-tas-bileklik-kure-kesim\",\"name\":\"Malahit Ta\u015f\u0131 Bileklik | Sertifikal\u0131 \u00dcr\u00fcn\",\"isPartOf\":{\"@id\":\"https:\/\/tasocagi.com\/#website\"},\"primaryImageOfPage\":{\"@id\":\"https:\/\/tasocagi.com\/?product=malahit-dogal-tas-bileklik-kure-kesim#primaryimage\"},\"image\":{\"@id\":\"https:\/\/tasocagi.com\/?product=malahit-dogal-tas-bileklik-kure-kesim#primaryimage\"},\"thumbnailUrl\":\"https:\/\/tasocagi.com\/wp-content\/uploads\/2026\/02\/malakit8mm2.jpg\",\"datePublished\":\"2026-02-25T19:42:10+00:00\",\"dateModified\":\"2026-03-12T07:42:28+00:00\",\"description\":\"%100 orijinal ve sertifikal\u0131 malahit do\u011fal ta\u015f bileklik modelleri burada. Do\u011fan\u0131n enerjisini bile\u011finizde hissedin. G\u00fcvenli al\u0131\u015fveri\u015f i\u00e7in hemen t\u0131klay\u0131n.\",\"breadcrumb\":{\"@id\":\"https:\/\/tasocagi.com\/?product=malahit-dogal-tas-bileklik-kure-kesim#breadcrumb\"},\"inLanguage\":\"tr\",\"potentialAction\":[{\"@type\":\"ReadAction\",\"target\":[\"https:\/\/tasocagi.com\/?product=malahit-dogal-tas-bileklik-kure-kesim\"]}]},{\"@type\":\"ImageObject\",\"inLanguage\":\"tr\",\"@id\":\"https:\/\/tasocagi.com\/?product=malahit-dogal-tas-bileklik-kure-kesim#primaryimage\",\"url\":\"https:\/\/tasocagi.com\/wp-content\/uploads\/2026\/02\/malakit8mm2.jpg\",\"contentUrl\":\"https:\/\/tasocagi.com\/wp-content\/uploads\/2026\/02\/malakit8mm2.jpg\",\"width\":1024,\"height\":1024},{\"@type\":\"BreadcrumbList\",\"@id\":\"https:\/\/tasocagi.com\/?product=malahit-dogal-tas-bileklik-kure-kesim#breadcrumb\",\"itemListElement\":[{\"@type\":\"ListItem\",\"position\":1,\"name\":\"Anasayfa\",\"item\":\"https:\/\/tasocagi.com\/\"},{\"@type\":\"ListItem\",\"position\":2,\"name\":\"Shop\",\"item\":\"https:\/\/tasocagi.com\/?page_id=47\"},{\"@type\":\"ListItem\",\"position\":3,\"name\":\"Malahit Do\u011fal Ta\u015f Bileklik K\u00fcre Kesim\"}]},{\"@type\":\"WebSite\",\"@id\":\"https:\/\/tasocagi.com\/#website\",\"url\":\"https:\/\/tasocagi.com\/\",\"name\":\"tasocagi\",\"description\":\"\",\"potentialAction\":[{\"@type\":\"SearchAction\",\"target\":{\"@type\":\"EntryPoint\",\"urlTemplate\":\"https:\/\/tasocagi.com\/?s={search_term_string}\"},\"query-input\":{\"@type\":\"PropertyValueSpecification\",\"valueRequired\":true,\"valueName\":\"search_term_string\"}}],\"inLanguage\":\"tr\"}]}<\/script>\n<!-- \/ Yoast SEO plugin. -->","yoast_head_json":{"title":"Malahit Ta\u015f\u0131 Bileklik | Sertifikal\u0131 \u00dcr\u00fcn","description":"%100 orijinal ve sertifikal\u0131 malahit do\u011fal ta\u015f bileklik modelleri burada. Do\u011fan\u0131n enerjisini bile\u011finizde hissedin. G\u00fcvenli al\u0131\u015fveri\u015f i\u00e7in hemen t\u0131klay\u0131n.","robots":{"index":"index","follow":"follow","max-snippet":"max-snippet:-1","max-image-preview":"max-image-preview:large","max-video-preview":"max-video-preview:-1"},"canonical":"https:\/\/tasocagi.com\/?product=malahit-dogal-tas-bileklik-kure-kesim","og_locale":"tr_TR","og_type":"article","og_title":"Malahit Ta\u015f\u0131 Bileklik | Sertifikal\u0131 \u00dcr\u00fcn","og_description":"%100 orijinal ve sertifikal\u0131 malahit do\u011fal ta\u015f bileklik modelleri burada. Do\u011fan\u0131n enerjisini bile\u011finizde hissedin. G\u00fcvenli al\u0131\u015fveri\u015f i\u00e7in hemen t\u0131klay\u0131n.","og_url":"https:\/\/tasocagi.com\/?product=malahit-dogal-tas-bileklik-kure-kesim","og_site_name":"tasocagi","article_modified_time":"2026-03-12T07:42:28+00:00","og_image":[{"width":1024,"height":1024,"url":"https:\/\/tasocagi.com\/wp-content\/uploads\/2026\/02\/malakit8mm2.jpg","type":"image\/jpeg"}],"twitter_card":"summary_large_image","twitter_misc":{"Tahmini okuma s\u00fcresi":"1 dakika"},"schema":{"@context":"https:\/\/schema.org","@graph":[{"@type":"WebPage","@id":"https:\/\/tasocagi.com\/?product=malahit-dogal-tas-bileklik-kure-kesim","url":"https:\/\/tasocagi.com\/?product=malahit-dogal-tas-bileklik-kure-kesim","name":"Malahit Ta\u015f\u0131 Bileklik | Sertifikal\u0131 \u00dcr\u00fcn","isPartOf":{"@id":"https:\/\/tasocagi.com\/#website"},"primaryImageOfPage":{"@id":"https:\/\/tasocagi.com\/?product=malahit-dogal-tas-bileklik-kure-kesim#primaryimage"},"image":{"@id":"https:\/\/tasocagi.com\/?product=malahit-dogal-tas-bileklik-kure-kesim#primaryimage"},"thumbnailUrl":"https:\/\/tasocagi.com\/wp-content\/uploads\/2026\/02\/malakit8mm2.jpg","datePublished":"2026-02-25T19:42:10+00:00","dateModified":"2026-03-12T07:42:28+00:00","description":"%100 orijinal ve sertifikal\u0131 malahit do\u011fal ta\u015f bileklik modelleri burada. Do\u011fan\u0131n enerjisini bile\u011finizde hissedin. G\u00fcvenli al\u0131\u015fveri\u015f i\u00e7in hemen t\u0131klay\u0131n.","breadcrumb":{"@id":"https:\/\/tasocagi.com\/?product=malahit-dogal-tas-bileklik-kure-kesim#breadcrumb"},"inLanguage":"tr","potentialAction":[{"@type":"ReadAction","target":["https:\/\/tasocagi.com\/?product=malahit-dogal-tas-bileklik-kure-kesim"]}]},{"@type":"ImageObject","inLanguage":"tr","@id":"https:\/\/tasocagi.com\/?product=malahit-dogal-tas-bileklik-kure-kesim#primaryimage","url":"https:\/\/tasocagi.com\/wp-content\/uploads\/2026\/02\/malakit8mm2.jpg","contentUrl":"https:\/\/tasocagi.com\/wp-content\/uploads\/2026\/02\/malakit8mm2.jpg","width":1024,"height":1024},{"@type":"BreadcrumbList","@id":"https:\/\/tasocagi.com\/?product=malahit-dogal-tas-bileklik-kure-kesim#breadcrumb","itemListElement":[{"@type":"ListItem","position":1,"name":"Anasayfa","item":"https:\/\/tasocagi.com\/"},{"@type":"ListItem","position":2,"name":"Shop","item":"https:\/\/tasocagi.com\/?page_id=47"},{"@type":"ListItem","position":3,"name":"Malahit Do\u011fal Ta\u015f Bileklik K\u00fcre Kesim"}]},{"@type":"WebSite","@id":"https:\/\/tasocagi.com\/#website","url":"https:\/\/tasocagi.com\/","name":"tasocagi","description":"","potentialAction":[{"@type":"SearchAction","target":{"@type":"EntryPoint","urlTemplate":"https:\/\/tasocagi.com\/?s={search_term_string}"},"query-input":{"@type":"PropertyValueSpecification","valueRequired":true,"valueName":"search_term_string"}}],"inLanguage":"tr"}]}},"jetpack_sharing_enabled":true,"_links":{"self":[{"href":"https:\/\/tasocagi.com\/index.php?rest_route=\/wp\/v2\/product\/29322","targetHints":{"allow":["GET"]}}],"collection":[{"href":"https:\/\/tasocagi.com\/index.php?rest_route=\/wp\/v2\/product"}],"about":[{"href":"https:\/\/tasocagi.com\/index.php?rest_route=\/wp\/v2\/types\/product"}],"replies":[{"embeddable":true,"href":"https:\/\/tasocagi.com\/index.php?rest_route=%2Fwp%2Fv2%2Fcomments&post=29322"}],"version-history":[{"count":1,"href":"https:\/\/tasocagi.com\/index.php?rest_route=\/wp\/v2\/product\/29322\/revisions"}],"predecessor-version":[{"id":29327,"href":"https:\/\/tasocagi.com\/index.php?rest_route=\/wp\/v2\/product\/29322\/revisions\/29327"}],"wp:featuredmedia":[{"embeddable":true,"href":"https:\/\/tasocagi.com\/index.php?rest_route=\/wp\/v2\/media\/29326"}],"wp:attachment":[{"href":"https:\/\/tasocagi.com\/index.php?rest_route=%2Fwp%2Fv2%2Fmedia&parent=29322"}],"wp:term":[{"taxonomy":"product_brand","embeddable":true,"href":"https:\/\/tasocagi.com\/index.php?rest_route=%2Fwp%2Fv2%2Fproduct_brand&post=29322"},{"taxonomy":"product_cat","embeddable":true,"href":"https:\/\/tasocagi.com\/index.php?rest_route=%2Fwp%2Fv2%2Fproduct_cat&post=29322"},{"taxonomy":"product_tag","embeddable":true,"href":"https:\/\/tasocagi.com\/index.php?rest_route=%2Fwp%2Fv2%2Fproduct_tag&post=29322"}],"curies":[{"name":"wp","href":"https:\/\/api.w.org\/{rel}","templated":true}]}}