{"id":29328,"date":"2026-02-25T23:07:15","date_gmt":"2026-02-25T20:07:15","guid":{"rendered":"https:\/\/tasocagi.com\/?post_type=product&#038;p=29328"},"modified":"2026-03-12T10:40:16","modified_gmt":"2026-03-12T07:40:16","slug":"siyah-kaplan-gozu-dogal-tas-bileklik-kure-kesim","status":"publish","type":"product","link":"https:\/\/tasocagi.com\/?product=siyah-kaplan-gozu-dogal-tas-bileklik-kure-kesim","title":{"rendered":"Siyah Kaplan G\u00f6z\u00fc Do\u011fal Ta\u015f Bileklik K\u00fcre Kesim"},"content":{"rendered":"<h4 class=\"\">Siyah Kaplan G\u00f6z\u00fc Bileklik \u2013 Black Tiger Eye<\/h4>\n<p>Tane Boyutu: 6mm &#8211; 8mm<\/p>\n<p data-start=\"51\" data-end=\"174\">\u00dcr\u00fcn foto\u011fraf\u0131 temsili olup do\u011fal ta\u015f olmas\u0131 sebebiyle renk, desen, a\u011f\u0131rl\u0131k ve boyutlarda k\u00fc\u00e7\u00fck farkl\u0131l\u0131klar g\u00f6r\u00fclebilir.<\/p>\n<p data-start=\"176\" data-end=\"252\">T\u00fcm ta\u015flar\u0131m\u0131z sertifikal\u0131d\u0131r ve orijinalli\u011fi firma g\u00fcvencemiz alt\u0131ndad\u0131r.<\/p>\n<p data-start=\"254\" data-end=\"346\">T\u00fcm T\u00fcrkiye i\u00e7in kargo \u00fccreti 60 TL&#8217;dir, 500 TL ve \u00fczeri al\u0131\u015fveri\u015flerde Kargo \u00dccretsizdir.<\/p>\n<hr data-start=\"348\" data-end=\"351\" \/>\n<h4 class=\"\">Siyah Kaplan G\u00f6z\u00fc (Black Tiger Eye)<\/h4>\n<p data-start=\"394\" data-end=\"672\"><span class=\"hover:entity-accent entity-underline inline cursor-pointer align-baseline\">Tiger&#8217;s Eye<\/span>\u2019nin koyu tonlu bir varyetesidir. I\u015f\u0131\u011fa g\u00f6re de\u011fi\u015fen ipeksi yans\u0131malar\u0131 (chatoyancy etkisi) ile dikkat \u00e7eker. G\u00fc\u00e7, cesaret ve koruyucu enerji ta\u015f\u0131 olarak bilinir. Daha koyu rengi sayesinde topraklay\u0131c\u0131 etkisinin daha g\u00fc\u00e7l\u00fc oldu\u011funa inan\u0131l\u0131r.<\/p>\n<p data-start=\"674\" data-end=\"703\"><span data-start=\"674\" data-end=\"703\">Faydalar\u0131 (inan\u0131\u015fa g\u00f6re):<\/span><\/p>\n<p data-start=\"674\" data-end=\"703\">Negatif enerjilere kar\u015f\u0131 koruma sa\u011flad\u0131\u011f\u0131 d\u00fc\u015f\u00fcn\u00fcl\u00fcr.<\/p>\n<p data-start=\"674\" data-end=\"703\">\u00d6zg\u00fcven ve i\u00e7sel g\u00fcc\u00fc destekler.<\/p>\n<p data-start=\"674\" data-end=\"703\">Zor d\u00f6nemlerde dayan\u0131kl\u0131l\u0131\u011f\u0131 art\u0131rmaya yard\u0131mc\u0131 olur.<\/p>\n<p data-start=\"674\" data-end=\"703\">Karar verme s\u00fcre\u00e7lerinde netlik kazand\u0131rd\u0131\u011f\u0131na inan\u0131l\u0131r.<\/p>\n<p data-start=\"674\" data-end=\"703\">Kayg\u0131y\u0131 azalt\u0131p denge hissi olu\u015fturdu\u011fu kabul edilir.<\/p>\n<hr data-start=\"977\" data-end=\"980\" \/>\n<p data-start=\"982\" data-end=\"1029\"><span data-start=\"982\" data-end=\"1001\">Uyumlu Bur\u00e7lar:<\/span><br data-start=\"1001\" data-end=\"1004\" \/>\u0130kizler \u2013 Aslan \u2013 O\u011flak<\/p>\n<p data-start=\"1031\" data-end=\"1050\"><span data-start=\"1031\" data-end=\"1048\">Uyumlu \u00c7akra:<\/span><\/p>\n<ol data-start=\"1051\" data-end=\"1073\" data-is-last-node=\"\" data-is-only-node=\"\">\n<li data-start=\"1051\" data-end=\"1073\" data-is-last-node=\"\">\n<p data-start=\"1054\" data-end=\"1073\" data-is-last-node=\"\">\u00c7akra (K\u00f6k \u00c7akras\u0131)<\/p>\n<\/li>\n<\/ol>\n<p>* Paket i\u00e7eri\u011fi: Bileklik 1 adet.<\/p>\n","protected":false},"excerpt":{"rendered":"<p>Siyah Kaplan G\u00f6z\u00fc Bileklik \u2013 Black Tiger Eye Tane Boyutu: 6mm &#8211; 8mm \u00dcr\u00fcn foto\u011fraf\u0131 temsili olup do\u011fal ta\u015f olmas\u0131<\/p>\n","protected":false},"featured_media":29331,"comment_status":"open","ping_status":"closed","template":"","meta":[],"product_brand":[],"product_cat":[23],"product_tag":[],"class_list":{"0":"post-29328","1":"product","2":"type-product","3":"status-publish","4":"has-post-thumbnail","6":"product_cat-bileklik","8":"first","9":"instock","10":"sale","11":"taxable","12":"shipping-taxable","13":"purchasable","14":"product-type-variable"},"yoast_head":"<!-- This site is optimized with the Yoast SEO plugin v27.1.1 - https:\/\/yoast.com\/product\/yoast-seo-wordpress\/ -->\n<title>Siyah Kaplan G\u00f6z\u00fc Bileklik | Sertifikal\u0131<\/title>\n<meta name=\"description\" content=\"%100 orijinal ve sertifikal\u0131 siyah kaplan g\u00f6z\u00fc do\u011fal ta\u015f bileklik modellerini hemen ke\u015ffedin. \u015e\u0131kl\u0131\u011f\u0131 ve koruyucu enerjiyi bile\u011finizde ta\u015f\u0131y\u0131n. \u00dccretsiz kargo!\" \/>\n<meta name=\"robots\" content=\"index, follow, max-snippet:-1, max-image-preview:large, max-video-preview:-1\" \/>\n<link rel=\"canonical\" href=\"https:\/\/tasocagi.com\/?product=siyah-kaplan-gozu-dogal-tas-bileklik-kure-kesim\" \/>\n<meta property=\"og:locale\" content=\"tr_TR\" \/>\n<meta property=\"og:type\" content=\"article\" \/>\n<meta property=\"og:title\" content=\"Siyah Kaplan G\u00f6z\u00fc Bileklik | Sertifikal\u0131\" \/>\n<meta property=\"og:description\" content=\"%100 orijinal ve sertifikal\u0131 siyah kaplan g\u00f6z\u00fc do\u011fal ta\u015f bileklik modellerini hemen ke\u015ffedin. \u015e\u0131kl\u0131\u011f\u0131 ve koruyucu enerjiyi bile\u011finizde ta\u015f\u0131y\u0131n. \u00dccretsiz kargo!\" \/>\n<meta property=\"og:url\" content=\"https:\/\/tasocagi.com\/?product=siyah-kaplan-gozu-dogal-tas-bileklik-kure-kesim\" \/>\n<meta property=\"og:site_name\" content=\"tasocagi\" \/>\n<meta property=\"article:modified_time\" content=\"2026-03-12T07:40:16+00:00\" \/>\n<meta property=\"og:image\" content=\"https:\/\/tasocagi.com\/wp-content\/uploads\/2026\/02\/siyah-kaplangozu-6mm2.jpg\" \/>\n\t<meta property=\"og:image:width\" content=\"1024\" \/>\n\t<meta property=\"og:image:height\" content=\"1024\" \/>\n\t<meta property=\"og:image:type\" content=\"image\/jpeg\" \/>\n<meta name=\"twitter:card\" content=\"summary_large_image\" \/>\n<meta name=\"twitter:label1\" content=\"Tahmini okuma s\u00fcresi\" \/>\n\t<meta name=\"twitter:data1\" content=\"2 dakika\" \/>\n<script type=\"application\/ld+json\" class=\"yoast-schema-graph\">{\"@context\":\"https:\/\/schema.org\",\"@graph\":[{\"@type\":\"WebPage\",\"@id\":\"https:\/\/tasocagi.com\/?product=siyah-kaplan-gozu-dogal-tas-bileklik-kure-kesim\",\"url\":\"https:\/\/tasocagi.com\/?product=siyah-kaplan-gozu-dogal-tas-bileklik-kure-kesim\",\"name\":\"Siyah Kaplan G\u00f6z\u00fc Bileklik | Sertifikal\u0131\",\"isPartOf\":{\"@id\":\"https:\/\/tasocagi.com\/#website\"},\"primaryImageOfPage\":{\"@id\":\"https:\/\/tasocagi.com\/?product=siyah-kaplan-gozu-dogal-tas-bileklik-kure-kesim#primaryimage\"},\"image\":{\"@id\":\"https:\/\/tasocagi.com\/?product=siyah-kaplan-gozu-dogal-tas-bileklik-kure-kesim#primaryimage\"},\"thumbnailUrl\":\"https:\/\/tasocagi.com\/wp-content\/uploads\/2026\/02\/siyah-kaplangozu-6mm2.jpg\",\"datePublished\":\"2026-02-25T20:07:15+00:00\",\"dateModified\":\"2026-03-12T07:40:16+00:00\",\"description\":\"%100 orijinal ve sertifikal\u0131 siyah kaplan g\u00f6z\u00fc do\u011fal ta\u015f bileklik modellerini hemen ke\u015ffedin. \u015e\u0131kl\u0131\u011f\u0131 ve koruyucu enerjiyi bile\u011finizde ta\u015f\u0131y\u0131n. \u00dccretsiz kargo!\",\"breadcrumb\":{\"@id\":\"https:\/\/tasocagi.com\/?product=siyah-kaplan-gozu-dogal-tas-bileklik-kure-kesim#breadcrumb\"},\"inLanguage\":\"tr\",\"potentialAction\":[{\"@type\":\"ReadAction\",\"target\":[\"https:\/\/tasocagi.com\/?product=siyah-kaplan-gozu-dogal-tas-bileklik-kure-kesim\"]}]},{\"@type\":\"ImageObject\",\"inLanguage\":\"tr\",\"@id\":\"https:\/\/tasocagi.com\/?product=siyah-kaplan-gozu-dogal-tas-bileklik-kure-kesim#primaryimage\",\"url\":\"https:\/\/tasocagi.com\/wp-content\/uploads\/2026\/02\/siyah-kaplangozu-6mm2.jpg\",\"contentUrl\":\"https:\/\/tasocagi.com\/wp-content\/uploads\/2026\/02\/siyah-kaplangozu-6mm2.jpg\",\"width\":1024,\"height\":1024},{\"@type\":\"BreadcrumbList\",\"@id\":\"https:\/\/tasocagi.com\/?product=siyah-kaplan-gozu-dogal-tas-bileklik-kure-kesim#breadcrumb\",\"itemListElement\":[{\"@type\":\"ListItem\",\"position\":1,\"name\":\"Anasayfa\",\"item\":\"https:\/\/tasocagi.com\/\"},{\"@type\":\"ListItem\",\"position\":2,\"name\":\"Shop\",\"item\":\"https:\/\/tasocagi.com\/?page_id=47\"},{\"@type\":\"ListItem\",\"position\":3,\"name\":\"Siyah Kaplan G\u00f6z\u00fc Do\u011fal Ta\u015f Bileklik K\u00fcre Kesim\"}]},{\"@type\":\"WebSite\",\"@id\":\"https:\/\/tasocagi.com\/#website\",\"url\":\"https:\/\/tasocagi.com\/\",\"name\":\"tasocagi\",\"description\":\"\",\"potentialAction\":[{\"@type\":\"SearchAction\",\"target\":{\"@type\":\"EntryPoint\",\"urlTemplate\":\"https:\/\/tasocagi.com\/?s={search_term_string}\"},\"query-input\":{\"@type\":\"PropertyValueSpecification\",\"valueRequired\":true,\"valueName\":\"search_term_string\"}}],\"inLanguage\":\"tr\"}]}<\/script>\n<!-- \/ Yoast SEO plugin. -->","yoast_head_json":{"title":"Siyah Kaplan G\u00f6z\u00fc Bileklik | Sertifikal\u0131","description":"%100 orijinal ve sertifikal\u0131 siyah kaplan g\u00f6z\u00fc do\u011fal ta\u015f bileklik modellerini hemen ke\u015ffedin. \u015e\u0131kl\u0131\u011f\u0131 ve koruyucu enerjiyi bile\u011finizde ta\u015f\u0131y\u0131n. \u00dccretsiz kargo!","robots":{"index":"index","follow":"follow","max-snippet":"max-snippet:-1","max-image-preview":"max-image-preview:large","max-video-preview":"max-video-preview:-1"},"canonical":"https:\/\/tasocagi.com\/?product=siyah-kaplan-gozu-dogal-tas-bileklik-kure-kesim","og_locale":"tr_TR","og_type":"article","og_title":"Siyah Kaplan G\u00f6z\u00fc Bileklik | Sertifikal\u0131","og_description":"%100 orijinal ve sertifikal\u0131 siyah kaplan g\u00f6z\u00fc do\u011fal ta\u015f bileklik modellerini hemen ke\u015ffedin. \u015e\u0131kl\u0131\u011f\u0131 ve koruyucu enerjiyi bile\u011finizde ta\u015f\u0131y\u0131n. \u00dccretsiz kargo!","og_url":"https:\/\/tasocagi.com\/?product=siyah-kaplan-gozu-dogal-tas-bileklik-kure-kesim","og_site_name":"tasocagi","article_modified_time":"2026-03-12T07:40:16+00:00","og_image":[{"width":1024,"height":1024,"url":"https:\/\/tasocagi.com\/wp-content\/uploads\/2026\/02\/siyah-kaplangozu-6mm2.jpg","type":"image\/jpeg"}],"twitter_card":"summary_large_image","twitter_misc":{"Tahmini okuma s\u00fcresi":"2 dakika"},"schema":{"@context":"https:\/\/schema.org","@graph":[{"@type":"WebPage","@id":"https:\/\/tasocagi.com\/?product=siyah-kaplan-gozu-dogal-tas-bileklik-kure-kesim","url":"https:\/\/tasocagi.com\/?product=siyah-kaplan-gozu-dogal-tas-bileklik-kure-kesim","name":"Siyah Kaplan G\u00f6z\u00fc Bileklik | Sertifikal\u0131","isPartOf":{"@id":"https:\/\/tasocagi.com\/#website"},"primaryImageOfPage":{"@id":"https:\/\/tasocagi.com\/?product=siyah-kaplan-gozu-dogal-tas-bileklik-kure-kesim#primaryimage"},"image":{"@id":"https:\/\/tasocagi.com\/?product=siyah-kaplan-gozu-dogal-tas-bileklik-kure-kesim#primaryimage"},"thumbnailUrl":"https:\/\/tasocagi.com\/wp-content\/uploads\/2026\/02\/siyah-kaplangozu-6mm2.jpg","datePublished":"2026-02-25T20:07:15+00:00","dateModified":"2026-03-12T07:40:16+00:00","description":"%100 orijinal ve sertifikal\u0131 siyah kaplan g\u00f6z\u00fc do\u011fal ta\u015f bileklik modellerini hemen ke\u015ffedin. \u015e\u0131kl\u0131\u011f\u0131 ve koruyucu enerjiyi bile\u011finizde ta\u015f\u0131y\u0131n. \u00dccretsiz kargo!","breadcrumb":{"@id":"https:\/\/tasocagi.com\/?product=siyah-kaplan-gozu-dogal-tas-bileklik-kure-kesim#breadcrumb"},"inLanguage":"tr","potentialAction":[{"@type":"ReadAction","target":["https:\/\/tasocagi.com\/?product=siyah-kaplan-gozu-dogal-tas-bileklik-kure-kesim"]}]},{"@type":"ImageObject","inLanguage":"tr","@id":"https:\/\/tasocagi.com\/?product=siyah-kaplan-gozu-dogal-tas-bileklik-kure-kesim#primaryimage","url":"https:\/\/tasocagi.com\/wp-content\/uploads\/2026\/02\/siyah-kaplangozu-6mm2.jpg","contentUrl":"https:\/\/tasocagi.com\/wp-content\/uploads\/2026\/02\/siyah-kaplangozu-6mm2.jpg","width":1024,"height":1024},{"@type":"BreadcrumbList","@id":"https:\/\/tasocagi.com\/?product=siyah-kaplan-gozu-dogal-tas-bileklik-kure-kesim#breadcrumb","itemListElement":[{"@type":"ListItem","position":1,"name":"Anasayfa","item":"https:\/\/tasocagi.com\/"},{"@type":"ListItem","position":2,"name":"Shop","item":"https:\/\/tasocagi.com\/?page_id=47"},{"@type":"ListItem","position":3,"name":"Siyah Kaplan G\u00f6z\u00fc Do\u011fal Ta\u015f Bileklik K\u00fcre Kesim"}]},{"@type":"WebSite","@id":"https:\/\/tasocagi.com\/#website","url":"https:\/\/tasocagi.com\/","name":"tasocagi","description":"","potentialAction":[{"@type":"SearchAction","target":{"@type":"EntryPoint","urlTemplate":"https:\/\/tasocagi.com\/?s={search_term_string}"},"query-input":{"@type":"PropertyValueSpecification","valueRequired":true,"valueName":"search_term_string"}}],"inLanguage":"tr"}]}},"jetpack_sharing_enabled":true,"_links":{"self":[{"href":"https:\/\/tasocagi.com\/index.php?rest_route=\/wp\/v2\/product\/29328","targetHints":{"allow":["GET"]}}],"collection":[{"href":"https:\/\/tasocagi.com\/index.php?rest_route=\/wp\/v2\/product"}],"about":[{"href":"https:\/\/tasocagi.com\/index.php?rest_route=\/wp\/v2\/types\/product"}],"replies":[{"embeddable":true,"href":"https:\/\/tasocagi.com\/index.php?rest_route=%2Fwp%2Fv2%2Fcomments&post=29328"}],"version-history":[{"count":1,"href":"https:\/\/tasocagi.com\/index.php?rest_route=\/wp\/v2\/product\/29328\/revisions"}],"predecessor-version":[{"id":29333,"href":"https:\/\/tasocagi.com\/index.php?rest_route=\/wp\/v2\/product\/29328\/revisions\/29333"}],"wp:featuredmedia":[{"embeddable":true,"href":"https:\/\/tasocagi.com\/index.php?rest_route=\/wp\/v2\/media\/29331"}],"wp:attachment":[{"href":"https:\/\/tasocagi.com\/index.php?rest_route=%2Fwp%2Fv2%2Fmedia&parent=29328"}],"wp:term":[{"taxonomy":"product_brand","embeddable":true,"href":"https:\/\/tasocagi.com\/index.php?rest_route=%2Fwp%2Fv2%2Fproduct_brand&post=29328"},{"taxonomy":"product_cat","embeddable":true,"href":"https:\/\/tasocagi.com\/index.php?rest_route=%2Fwp%2Fv2%2Fproduct_cat&post=29328"},{"taxonomy":"product_tag","embeddable":true,"href":"https:\/\/tasocagi.com\/index.php?rest_route=%2Fwp%2Fv2%2Fproduct_tag&post=29328"}],"curies":[{"name":"wp","href":"https:\/\/api.w.org\/{rel}","templated":true}]}}