{"id":29340,"date":"2026-02-25T23:38:13","date_gmt":"2026-02-25T20:38:13","guid":{"rendered":"https:\/\/tasocagi.com\/?post_type=product&#038;p=29340"},"modified":"2026-03-12T10:17:23","modified_gmt":"2026-03-12T07:17:23","slug":"aytasi-dogal-tas-bileklik-kure-kesim","status":"publish","type":"product","link":"https:\/\/tasocagi.com\/?product=aytasi-dogal-tas-bileklik-kure-kesim","title":{"rendered":"Ayta\u015f\u0131 Do\u011fal Ta\u015f Bileklik K\u00fcre Kesim"},"content":{"rendered":"<h4 class=\"\">Ayta\u015f\u0131 Bileklik \u2013 Moonstone<\/h4>\n<p>Tane Boyutu: 6mm &#8211; 8mm<\/p>\n<p data-start=\"34\" data-end=\"157\">\u00dcr\u00fcn foto\u011fraf\u0131 temsili olup do\u011fal ta\u015f olmas\u0131 sebebiyle renk, desen, a\u011f\u0131rl\u0131k ve boyutlarda k\u00fc\u00e7\u00fck farkl\u0131l\u0131klar g\u00f6r\u00fclebilir.<\/p>\n<p data-start=\"159\" data-end=\"235\"><b>T\u00fcm ta\u015flar\u0131m\u0131z sertifikal\u0131d\u0131r ve orijinalli\u011fi firma g\u00fcvencemiz alt\u0131ndad\u0131r.<\/b><\/p>\n<p data-start=\"237\" data-end=\"329\">T\u00fcm T\u00fcrkiye i\u00e7in kargo \u00fccreti 60 TL&#8217;dir, 500 TL ve \u00fczeri al\u0131\u015fveri\u015flerde Kargo \u00dccretsizdir.<\/p>\n<hr data-start=\"331\" data-end=\"334\" \/>\n<h4 class=\"\">Ayta\u015f\u0131 (Moonstone)<\/h4>\n<p data-start=\"360\" data-end=\"628\"><span class=\"hover:entity-accent entity-underline inline cursor-pointer align-baseline\">Moonstone<\/span>, feldspat mineral grubuna ait, \u0131\u015f\u0131k alt\u0131nda mavi veya beyaz yans\u0131malar g\u00f6steren \u00f6zel bir do\u011fal ta\u015ft\u0131r. Di\u015fil enerji, sezgi ve duygusal denge ta\u015f\u0131 olarak bilinir. I\u015f\u0131\u011fa g\u00f6re de\u011fi\u015fen parlakl\u0131\u011f\u0131 (adularesans etkisi) ile dikkat \u00e7eker.<\/p>\n<p data-start=\"630\" data-end=\"659\"><strong data-start=\"630\" data-end=\"659\">Faydalar\u0131 (inan\u0131\u015fa g\u00f6re):<\/strong><\/p>\n<ul>\n<li>Sezgileri ve i\u00e7g\u00fcd\u00fcleri g\u00fc\u00e7lendirdi\u011fine inan\u0131l\u0131r.<\/li>\n<li>Duygusal dengeyi destekler.<\/li>\n<li>Stres ve gerginli\u011fi azaltmaya yard\u0131mc\u0131 oldu\u011fu d\u00fc\u015f\u00fcn\u00fcl\u00fcr.<\/li>\n<li>Yeni ba\u015flang\u0131\u00e7larda cesaret verdi\u011fi kabul edilir.<\/li>\n<li>\u0130\u00e7 huzur ve sakinlik enerjisi sa\u011flad\u0131\u011f\u0131na inan\u0131l\u0131r.<\/li>\n<\/ul>\n<hr data-start=\"919\" data-end=\"922\" \/>\n<p data-start=\"924\" data-end=\"971\"><strong data-start=\"924\" data-end=\"943\">Uyumlu Bur\u00e7lar:<\/strong><br data-start=\"943\" data-end=\"946\" \/>Yenge\u00e7 \u2013 Bal\u0131k \u2013 Terazi<\/p>\n<p data-start=\"973\" data-end=\"1016\" data-is-last-node=\"\" data-is-only-node=\"\"><strong data-start=\"973\" data-end=\"990\">Uyumlu \u00c7akra:<\/strong><br data-start=\"990\" data-end=\"993\" \/>2. \u00c7akra (Sakral \u00c7akra)<\/p>\n<p data-start=\"973\" data-end=\"1016\" data-is-last-node=\"\" data-is-only-node=\"\">*Paket i\u00e7eri\u011fi: Do\u011fal Ta\u015f Bileklik 1 adet.<\/p>\n","protected":false},"excerpt":{"rendered":"<p>Ayta\u015f\u0131 Bileklik \u2013 Moonstone Tane Boyutu: 6mm &#8211; 8mm \u00dcr\u00fcn foto\u011fraf\u0131 temsili olup do\u011fal ta\u015f olmas\u0131 sebebiyle renk, desen, a\u011f\u0131rl\u0131k<\/p>\n","protected":false},"featured_media":29344,"comment_status":"open","ping_status":"closed","template":"","meta":[],"product_brand":[],"product_cat":[23],"product_tag":[],"class_list":{"0":"post-29340","1":"product","2":"type-product","3":"status-publish","4":"has-post-thumbnail","6":"product_cat-bileklik","8":"first","9":"instock","10":"sale","11":"taxable","12":"shipping-taxable","13":"purchasable","14":"product-type-variable"},"yoast_head":"<!-- This site is optimized with the Yoast SEO plugin v27.1.1 - https:\/\/yoast.com\/product\/yoast-seo-wordpress\/ -->\n<title>Ayta\u015f\u0131 Do\u011fal Ta\u015f Bileklik - Sertifikal\u0131 ve Orijinal<\/title>\n<meta name=\"description\" content=\"%100 orijinal ayta\u015f\u0131 do\u011fal ta\u015f bileklik modellerini ke\u015ffedin. Sertifikal\u0131, ger\u00e7ek do\u011fal ta\u015f garantisiyle \u015f\u0131kl\u0131\u011f\u0131n\u0131z\u0131 tamamlay\u0131n. Hemen g\u00fcvenle sat\u0131n al\u0131n.\" \/>\n<meta name=\"robots\" content=\"index, follow, max-snippet:-1, max-image-preview:large, max-video-preview:-1\" \/>\n<link rel=\"canonical\" href=\"https:\/\/tasocagi.com\/?product=aytasi-dogal-tas-bileklik-kure-kesim\" \/>\n<meta property=\"og:locale\" content=\"tr_TR\" \/>\n<meta property=\"og:type\" content=\"article\" \/>\n<meta property=\"og:title\" content=\"Ayta\u015f\u0131 Do\u011fal Ta\u015f Bileklik - Sertifikal\u0131 ve Orijinal\" \/>\n<meta property=\"og:description\" content=\"%100 orijinal ayta\u015f\u0131 do\u011fal ta\u015f bileklik modellerini ke\u015ffedin. Sertifikal\u0131, ger\u00e7ek do\u011fal ta\u015f garantisiyle \u015f\u0131kl\u0131\u011f\u0131n\u0131z\u0131 tamamlay\u0131n. Hemen g\u00fcvenle sat\u0131n al\u0131n.\" \/>\n<meta property=\"og:url\" content=\"https:\/\/tasocagi.com\/?product=aytasi-dogal-tas-bileklik-kure-kesim\" \/>\n<meta property=\"og:site_name\" content=\"tasocagi\" \/>\n<meta property=\"article:modified_time\" content=\"2026-03-12T07:17:23+00:00\" \/>\n<meta property=\"og:image\" content=\"https:\/\/tasocagi.com\/wp-content\/uploads\/2026\/02\/aytasi8mm2.jpg\" \/>\n\t<meta property=\"og:image:width\" content=\"1024\" \/>\n\t<meta property=\"og:image:height\" content=\"1024\" \/>\n\t<meta property=\"og:image:type\" content=\"image\/jpeg\" \/>\n<meta name=\"twitter:card\" content=\"summary_large_image\" \/>\n<meta name=\"twitter:label1\" content=\"Tahmini okuma s\u00fcresi\" \/>\n\t<meta name=\"twitter:data1\" content=\"1 dakika\" \/>\n<script type=\"application\/ld+json\" class=\"yoast-schema-graph\">{\"@context\":\"https:\/\/schema.org\",\"@graph\":[{\"@type\":\"WebPage\",\"@id\":\"https:\/\/tasocagi.com\/?product=aytasi-dogal-tas-bileklik-kure-kesim\",\"url\":\"https:\/\/tasocagi.com\/?product=aytasi-dogal-tas-bileklik-kure-kesim\",\"name\":\"Ayta\u015f\u0131 Do\u011fal Ta\u015f Bileklik - Sertifikal\u0131 ve Orijinal\",\"isPartOf\":{\"@id\":\"https:\/\/tasocagi.com\/#website\"},\"primaryImageOfPage\":{\"@id\":\"https:\/\/tasocagi.com\/?product=aytasi-dogal-tas-bileklik-kure-kesim#primaryimage\"},\"image\":{\"@id\":\"https:\/\/tasocagi.com\/?product=aytasi-dogal-tas-bileklik-kure-kesim#primaryimage\"},\"thumbnailUrl\":\"https:\/\/tasocagi.com\/wp-content\/uploads\/2026\/02\/aytasi8mm2.jpg\",\"datePublished\":\"2026-02-25T20:38:13+00:00\",\"dateModified\":\"2026-03-12T07:17:23+00:00\",\"description\":\"%100 orijinal ayta\u015f\u0131 do\u011fal ta\u015f bileklik modellerini ke\u015ffedin. Sertifikal\u0131, ger\u00e7ek do\u011fal ta\u015f garantisiyle \u015f\u0131kl\u0131\u011f\u0131n\u0131z\u0131 tamamlay\u0131n. Hemen g\u00fcvenle sat\u0131n al\u0131n.\",\"breadcrumb\":{\"@id\":\"https:\/\/tasocagi.com\/?product=aytasi-dogal-tas-bileklik-kure-kesim#breadcrumb\"},\"inLanguage\":\"tr\",\"potentialAction\":[{\"@type\":\"ReadAction\",\"target\":[\"https:\/\/tasocagi.com\/?product=aytasi-dogal-tas-bileklik-kure-kesim\"]}]},{\"@type\":\"ImageObject\",\"inLanguage\":\"tr\",\"@id\":\"https:\/\/tasocagi.com\/?product=aytasi-dogal-tas-bileklik-kure-kesim#primaryimage\",\"url\":\"https:\/\/tasocagi.com\/wp-content\/uploads\/2026\/02\/aytasi8mm2.jpg\",\"contentUrl\":\"https:\/\/tasocagi.com\/wp-content\/uploads\/2026\/02\/aytasi8mm2.jpg\",\"width\":1024,\"height\":1024},{\"@type\":\"BreadcrumbList\",\"@id\":\"https:\/\/tasocagi.com\/?product=aytasi-dogal-tas-bileklik-kure-kesim#breadcrumb\",\"itemListElement\":[{\"@type\":\"ListItem\",\"position\":1,\"name\":\"Anasayfa\",\"item\":\"https:\/\/tasocagi.com\/\"},{\"@type\":\"ListItem\",\"position\":2,\"name\":\"Shop\",\"item\":\"https:\/\/tasocagi.com\/?page_id=47\"},{\"@type\":\"ListItem\",\"position\":3,\"name\":\"Ayta\u015f\u0131 Do\u011fal Ta\u015f Bileklik K\u00fcre Kesim\"}]},{\"@type\":\"WebSite\",\"@id\":\"https:\/\/tasocagi.com\/#website\",\"url\":\"https:\/\/tasocagi.com\/\",\"name\":\"tasocagi\",\"description\":\"\",\"potentialAction\":[{\"@type\":\"SearchAction\",\"target\":{\"@type\":\"EntryPoint\",\"urlTemplate\":\"https:\/\/tasocagi.com\/?s={search_term_string}\"},\"query-input\":{\"@type\":\"PropertyValueSpecification\",\"valueRequired\":true,\"valueName\":\"search_term_string\"}}],\"inLanguage\":\"tr\"}]}<\/script>\n<!-- \/ Yoast SEO plugin. -->","yoast_head_json":{"title":"Ayta\u015f\u0131 Do\u011fal Ta\u015f Bileklik - Sertifikal\u0131 ve Orijinal","description":"%100 orijinal ayta\u015f\u0131 do\u011fal ta\u015f bileklik modellerini ke\u015ffedin. Sertifikal\u0131, ger\u00e7ek do\u011fal ta\u015f garantisiyle \u015f\u0131kl\u0131\u011f\u0131n\u0131z\u0131 tamamlay\u0131n. Hemen g\u00fcvenle sat\u0131n al\u0131n.","robots":{"index":"index","follow":"follow","max-snippet":"max-snippet:-1","max-image-preview":"max-image-preview:large","max-video-preview":"max-video-preview:-1"},"canonical":"https:\/\/tasocagi.com\/?product=aytasi-dogal-tas-bileklik-kure-kesim","og_locale":"tr_TR","og_type":"article","og_title":"Ayta\u015f\u0131 Do\u011fal Ta\u015f Bileklik - Sertifikal\u0131 ve Orijinal","og_description":"%100 orijinal ayta\u015f\u0131 do\u011fal ta\u015f bileklik modellerini ke\u015ffedin. Sertifikal\u0131, ger\u00e7ek do\u011fal ta\u015f garantisiyle \u015f\u0131kl\u0131\u011f\u0131n\u0131z\u0131 tamamlay\u0131n. Hemen g\u00fcvenle sat\u0131n al\u0131n.","og_url":"https:\/\/tasocagi.com\/?product=aytasi-dogal-tas-bileklik-kure-kesim","og_site_name":"tasocagi","article_modified_time":"2026-03-12T07:17:23+00:00","og_image":[{"width":1024,"height":1024,"url":"https:\/\/tasocagi.com\/wp-content\/uploads\/2026\/02\/aytasi8mm2.jpg","type":"image\/jpeg"}],"twitter_card":"summary_large_image","twitter_misc":{"Tahmini okuma s\u00fcresi":"1 dakika"},"schema":{"@context":"https:\/\/schema.org","@graph":[{"@type":"WebPage","@id":"https:\/\/tasocagi.com\/?product=aytasi-dogal-tas-bileklik-kure-kesim","url":"https:\/\/tasocagi.com\/?product=aytasi-dogal-tas-bileklik-kure-kesim","name":"Ayta\u015f\u0131 Do\u011fal Ta\u015f Bileklik - Sertifikal\u0131 ve Orijinal","isPartOf":{"@id":"https:\/\/tasocagi.com\/#website"},"primaryImageOfPage":{"@id":"https:\/\/tasocagi.com\/?product=aytasi-dogal-tas-bileklik-kure-kesim#primaryimage"},"image":{"@id":"https:\/\/tasocagi.com\/?product=aytasi-dogal-tas-bileklik-kure-kesim#primaryimage"},"thumbnailUrl":"https:\/\/tasocagi.com\/wp-content\/uploads\/2026\/02\/aytasi8mm2.jpg","datePublished":"2026-02-25T20:38:13+00:00","dateModified":"2026-03-12T07:17:23+00:00","description":"%100 orijinal ayta\u015f\u0131 do\u011fal ta\u015f bileklik modellerini ke\u015ffedin. Sertifikal\u0131, ger\u00e7ek do\u011fal ta\u015f garantisiyle \u015f\u0131kl\u0131\u011f\u0131n\u0131z\u0131 tamamlay\u0131n. Hemen g\u00fcvenle sat\u0131n al\u0131n.","breadcrumb":{"@id":"https:\/\/tasocagi.com\/?product=aytasi-dogal-tas-bileklik-kure-kesim#breadcrumb"},"inLanguage":"tr","potentialAction":[{"@type":"ReadAction","target":["https:\/\/tasocagi.com\/?product=aytasi-dogal-tas-bileklik-kure-kesim"]}]},{"@type":"ImageObject","inLanguage":"tr","@id":"https:\/\/tasocagi.com\/?product=aytasi-dogal-tas-bileklik-kure-kesim#primaryimage","url":"https:\/\/tasocagi.com\/wp-content\/uploads\/2026\/02\/aytasi8mm2.jpg","contentUrl":"https:\/\/tasocagi.com\/wp-content\/uploads\/2026\/02\/aytasi8mm2.jpg","width":1024,"height":1024},{"@type":"BreadcrumbList","@id":"https:\/\/tasocagi.com\/?product=aytasi-dogal-tas-bileklik-kure-kesim#breadcrumb","itemListElement":[{"@type":"ListItem","position":1,"name":"Anasayfa","item":"https:\/\/tasocagi.com\/"},{"@type":"ListItem","position":2,"name":"Shop","item":"https:\/\/tasocagi.com\/?page_id=47"},{"@type":"ListItem","position":3,"name":"Ayta\u015f\u0131 Do\u011fal Ta\u015f Bileklik K\u00fcre Kesim"}]},{"@type":"WebSite","@id":"https:\/\/tasocagi.com\/#website","url":"https:\/\/tasocagi.com\/","name":"tasocagi","description":"","potentialAction":[{"@type":"SearchAction","target":{"@type":"EntryPoint","urlTemplate":"https:\/\/tasocagi.com\/?s={search_term_string}"},"query-input":{"@type":"PropertyValueSpecification","valueRequired":true,"valueName":"search_term_string"}}],"inLanguage":"tr"}]}},"jetpack_sharing_enabled":true,"_links":{"self":[{"href":"https:\/\/tasocagi.com\/index.php?rest_route=\/wp\/v2\/product\/29340","targetHints":{"allow":["GET"]}}],"collection":[{"href":"https:\/\/tasocagi.com\/index.php?rest_route=\/wp\/v2\/product"}],"about":[{"href":"https:\/\/tasocagi.com\/index.php?rest_route=\/wp\/v2\/types\/product"}],"replies":[{"embeddable":true,"href":"https:\/\/tasocagi.com\/index.php?rest_route=%2Fwp%2Fv2%2Fcomments&post=29340"}],"version-history":[{"count":1,"href":"https:\/\/tasocagi.com\/index.php?rest_route=\/wp\/v2\/product\/29340\/revisions"}],"predecessor-version":[{"id":29345,"href":"https:\/\/tasocagi.com\/index.php?rest_route=\/wp\/v2\/product\/29340\/revisions\/29345"}],"wp:featuredmedia":[{"embeddable":true,"href":"https:\/\/tasocagi.com\/index.php?rest_route=\/wp\/v2\/media\/29344"}],"wp:attachment":[{"href":"https:\/\/tasocagi.com\/index.php?rest_route=%2Fwp%2Fv2%2Fmedia&parent=29340"}],"wp:term":[{"taxonomy":"product_brand","embeddable":true,"href":"https:\/\/tasocagi.com\/index.php?rest_route=%2Fwp%2Fv2%2Fproduct_brand&post=29340"},{"taxonomy":"product_cat","embeddable":true,"href":"https:\/\/tasocagi.com\/index.php?rest_route=%2Fwp%2Fv2%2Fproduct_cat&post=29340"},{"taxonomy":"product_tag","embeddable":true,"href":"https:\/\/tasocagi.com\/index.php?rest_route=%2Fwp%2Fv2%2Fproduct_tag&post=29340"}],"curies":[{"name":"wp","href":"https:\/\/api.w.org\/{rel}","templated":true}]}}