{"id":29379,"date":"2026-02-26T06:31:58","date_gmt":"2026-02-26T03:31:58","guid":{"rendered":"https:\/\/tasocagi.com\/?post_type=product&#038;p=29379"},"modified":"2026-03-11T06:15:56","modified_gmt":"2026-03-11T03:15:56","slug":"sitrin-dogal-tas-tesbih-0-orijinal-ve-sertifikali","status":"publish","type":"product","link":"https:\/\/tasocagi.com\/?product=sitrin-dogal-tas-tesbih-0-orijinal-ve-sertifikali","title":{"rendered":"Sitrin Do\u011fal Ta\u015f Tesbih"},"content":{"rendered":"<h5 class=\"\">Sitrin Tesbih \u2013 Citrine<\/h5>\n<p data-start=\"30\" data-end=\"63\"><strong data-start=\"30\" data-end=\"63\">Tane Boyutu: 6mm &#8211; 8mm &#8211; 10mm<\/strong><\/p>\n<p data-start=\"65\" data-end=\"188\">\u00dcr\u00fcn foto\u011fraf\u0131 temsili olup do\u011fal ta\u015f olmas\u0131 sebebiyle renk, desen, a\u011f\u0131rl\u0131k ve boyutlarda k\u00fc\u00e7\u00fck farkl\u0131l\u0131klar g\u00f6r\u00fclebilir.<\/p>\n<p data-start=\"190\" data-end=\"270\"><strong data-start=\"190\" data-end=\"268\">T\u00dcM TA\u015eLARIMIZ SERT\u0130F\u0130KALIDIR VE OR\u0130J\u0130NALL\u0130\u011e\u0130 F\u0130RMA G\u00dcVENCEM\u0130Z ALTINDADIR.<\/strong><\/p>\n<p data-start=\"272\" data-end=\"364\">T\u00fcm T\u00fcrkiye i\u00e7in kargo \u00fccreti 60 TL&#8217;dir, 500 TL ve \u00fczeri al\u0131\u015fveri\u015flerde Kargo \u00dccretsizdir.<\/p>\n<hr data-start=\"366\" data-end=\"369\" \/>\n<h5 class=\"\">Sitrin (Citrine)<\/h5>\n<p data-start=\"393\" data-end=\"646\"><span class=\"hover:entity-accent entity-underline inline cursor-pointer align-baseline\">Citrine<\/span>, kuvars ailesine ait, sar\u0131dan alt\u0131n tonlar\u0131na kadar de\u011fi\u015fen renklere sahip do\u011fal bir ta\u015ft\u0131r. Bereket ve ba\u015far\u0131 ta\u015f\u0131 olarak bilinir. Parlak g\u00f6r\u00fcn\u00fcm\u00fc ve dayan\u0131kl\u0131 yap\u0131s\u0131 sayesinde tesbih yap\u0131m\u0131nda s\u0131k\u00e7a tercih edilir.<\/p>\n<p data-start=\"648\" data-end=\"677\"><strong data-start=\"648\" data-end=\"677\">Faydalar\u0131 (inan\u0131\u015fa g\u00f6re):<\/strong><\/p>\n<ul>\n<li>Negatif enerjiyi uzakla\u015ft\u0131rd\u0131\u011f\u0131na inan\u0131l\u0131r.<\/li>\n<li>Motivasyonu ve ya\u015fam enerjisini art\u0131rd\u0131\u011f\u0131 d\u00fc\u015f\u00fcn\u00fcl\u00fcr.<\/li>\n<li>Bolluk ve bereket enerjisini \u00e7ekti\u011fi kabul edilir.<\/li>\n<li>\u00d6zg\u00fcven ve kararl\u0131l\u0131\u011f\u0131 destekledi\u011fi s\u00f6ylenir.<\/li>\n<li>Zihinsel netlik ve odaklanmay\u0131 g\u00fc\u00e7lendirdi\u011fine inan\u0131l\u0131r.<\/li>\n<\/ul>\n<hr data-start=\"933\" data-end=\"936\" \/>\n<p data-start=\"938\" data-end=\"985\"><strong data-start=\"938\" data-end=\"957\">Uyumlu Bur\u00e7lar:<\/strong><br data-start=\"957\" data-end=\"960\" \/>\u0130kizler \u2013 Aslan \u2013 Ba\u015fak<\/p>\n<p data-start=\"987\" data-end=\"1039\" data-is-last-node=\"\" data-is-only-node=\"\"><strong data-start=\"987\" data-end=\"1004\">Uyumlu \u00c7akra:<\/strong><br data-start=\"1004\" data-end=\"1007\" \/>3. \u00c7akra (Solar Pleksus \u00c7akras\u0131)<\/p>\n<p data-start=\"987\" data-end=\"1039\" data-is-last-node=\"\" data-is-only-node=\"\">*G\u00f6rsel 8mm tesbihe aittir.<\/p>\n","protected":false},"excerpt":{"rendered":"<p>Sitrin Tesbih \u2013 Citrine Tane Boyutu: 6mm &#8211; 8mm &#8211; 10mm \u00dcr\u00fcn foto\u011fraf\u0131 temsili olup do\u011fal ta\u015f olmas\u0131 sebebiyle renk,<\/p>\n","protected":false},"featured_media":29383,"comment_status":"open","ping_status":"closed","template":"","meta":[],"product_brand":[],"product_cat":[75],"product_tag":[],"class_list":{"0":"post-29379","1":"product","2":"type-product","3":"status-publish","4":"has-post-thumbnail","6":"product_cat-tesbih","8":"first","9":"instock","10":"sale","11":"taxable","12":"shipping-taxable","13":"purchasable","14":"product-type-variable"},"yoast_head":"<!-- This site is optimized with the Yoast SEO plugin v27.1.1 - https:\/\/yoast.com\/product\/yoast-seo-wordpress\/ -->\n<title>Sitrin Do\u011fal Ta\u015f Tesbih - Sertifikal\u0131 ve Orijinal<\/title>\n<meta name=\"description\" content=\"%100 orijinal bereket ta\u015f\u0131 sitrin do\u011fal ta\u015f tesbih modellerini ke\u015ffedin. Sertifikal\u0131 \u00fcr\u00fcnlerimizle enerjinizi y\u00fckseltin. Hemen g\u00fcvenle sat\u0131n al\u0131n!\" \/>\n<meta name=\"robots\" content=\"index, follow, max-snippet:-1, max-image-preview:large, max-video-preview:-1\" \/>\n<link rel=\"canonical\" href=\"https:\/\/tasocagi.com\/?product=sitrin-dogal-tas-tesbih-0-orijinal-ve-sertifikali\" \/>\n<meta property=\"og:locale\" content=\"tr_TR\" \/>\n<meta property=\"og:type\" content=\"article\" \/>\n<meta property=\"og:title\" content=\"Sitrin Do\u011fal Ta\u015f Tesbih - Sertifikal\u0131 ve Orijinal\" \/>\n<meta property=\"og:description\" content=\"%100 orijinal bereket ta\u015f\u0131 sitrin do\u011fal ta\u015f tesbih modellerini ke\u015ffedin. Sertifikal\u0131 \u00fcr\u00fcnlerimizle enerjinizi y\u00fckseltin. Hemen g\u00fcvenle sat\u0131n al\u0131n!\" \/>\n<meta property=\"og:url\" content=\"https:\/\/tasocagi.com\/?product=sitrin-dogal-tas-tesbih-0-orijinal-ve-sertifikali\" \/>\n<meta property=\"og:site_name\" content=\"tasocagi\" \/>\n<meta property=\"article:modified_time\" content=\"2026-03-11T03:15:56+00:00\" \/>\n<meta property=\"og:image\" content=\"https:\/\/tasocagi.com\/wp-content\/uploads\/2026\/02\/sitrin-8mm.jpg\" \/>\n\t<meta property=\"og:image:width\" content=\"1024\" \/>\n\t<meta property=\"og:image:height\" content=\"1024\" \/>\n\t<meta property=\"og:image:type\" content=\"image\/jpeg\" \/>\n<meta name=\"twitter:card\" content=\"summary_large_image\" \/>\n<meta name=\"twitter:label1\" content=\"Tahmini okuma s\u00fcresi\" \/>\n\t<meta name=\"twitter:data1\" content=\"1 dakika\" \/>\n<script type=\"application\/ld+json\" class=\"yoast-schema-graph\">{\"@context\":\"https:\/\/schema.org\",\"@graph\":[{\"@type\":\"WebPage\",\"@id\":\"https:\/\/tasocagi.com\/?product=sitrin-dogal-tas-tesbih-0-orijinal-ve-sertifikali\",\"url\":\"https:\/\/tasocagi.com\/?product=sitrin-dogal-tas-tesbih-0-orijinal-ve-sertifikali\",\"name\":\"Sitrin Do\u011fal Ta\u015f Tesbih - Sertifikal\u0131 ve Orijinal\",\"isPartOf\":{\"@id\":\"https:\/\/tasocagi.com\/#website\"},\"primaryImageOfPage\":{\"@id\":\"https:\/\/tasocagi.com\/?product=sitrin-dogal-tas-tesbih-0-orijinal-ve-sertifikali#primaryimage\"},\"image\":{\"@id\":\"https:\/\/tasocagi.com\/?product=sitrin-dogal-tas-tesbih-0-orijinal-ve-sertifikali#primaryimage\"},\"thumbnailUrl\":\"https:\/\/tasocagi.com\/wp-content\/uploads\/2026\/02\/sitrin-8mm.jpg\",\"datePublished\":\"2026-02-26T03:31:58+00:00\",\"dateModified\":\"2026-03-11T03:15:56+00:00\",\"description\":\"%100 orijinal bereket ta\u015f\u0131 sitrin do\u011fal ta\u015f tesbih modellerini ke\u015ffedin. Sertifikal\u0131 \u00fcr\u00fcnlerimizle enerjinizi y\u00fckseltin. Hemen g\u00fcvenle sat\u0131n al\u0131n!\",\"breadcrumb\":{\"@id\":\"https:\/\/tasocagi.com\/?product=sitrin-dogal-tas-tesbih-0-orijinal-ve-sertifikali#breadcrumb\"},\"inLanguage\":\"tr\",\"potentialAction\":[{\"@type\":\"ReadAction\",\"target\":[\"https:\/\/tasocagi.com\/?product=sitrin-dogal-tas-tesbih-0-orijinal-ve-sertifikali\"]}]},{\"@type\":\"ImageObject\",\"inLanguage\":\"tr\",\"@id\":\"https:\/\/tasocagi.com\/?product=sitrin-dogal-tas-tesbih-0-orijinal-ve-sertifikali#primaryimage\",\"url\":\"https:\/\/tasocagi.com\/wp-content\/uploads\/2026\/02\/sitrin-8mm.jpg\",\"contentUrl\":\"https:\/\/tasocagi.com\/wp-content\/uploads\/2026\/02\/sitrin-8mm.jpg\",\"width\":1024,\"height\":1024},{\"@type\":\"BreadcrumbList\",\"@id\":\"https:\/\/tasocagi.com\/?product=sitrin-dogal-tas-tesbih-0-orijinal-ve-sertifikali#breadcrumb\",\"itemListElement\":[{\"@type\":\"ListItem\",\"position\":1,\"name\":\"Anasayfa\",\"item\":\"https:\/\/tasocagi.com\/\"},{\"@type\":\"ListItem\",\"position\":2,\"name\":\"Shop\",\"item\":\"https:\/\/tasocagi.com\/?page_id=47\"},{\"@type\":\"ListItem\",\"position\":3,\"name\":\"Sitrin Do\u011fal Ta\u015f Tesbih\"}]},{\"@type\":\"WebSite\",\"@id\":\"https:\/\/tasocagi.com\/#website\",\"url\":\"https:\/\/tasocagi.com\/\",\"name\":\"tasocagi\",\"description\":\"\",\"potentialAction\":[{\"@type\":\"SearchAction\",\"target\":{\"@type\":\"EntryPoint\",\"urlTemplate\":\"https:\/\/tasocagi.com\/?s={search_term_string}\"},\"query-input\":{\"@type\":\"PropertyValueSpecification\",\"valueRequired\":true,\"valueName\":\"search_term_string\"}}],\"inLanguage\":\"tr\"}]}<\/script>\n<!-- \/ Yoast SEO plugin. -->","yoast_head_json":{"title":"Sitrin Do\u011fal Ta\u015f Tesbih - Sertifikal\u0131 ve Orijinal","description":"%100 orijinal bereket ta\u015f\u0131 sitrin do\u011fal ta\u015f tesbih modellerini ke\u015ffedin. Sertifikal\u0131 \u00fcr\u00fcnlerimizle enerjinizi y\u00fckseltin. Hemen g\u00fcvenle sat\u0131n al\u0131n!","robots":{"index":"index","follow":"follow","max-snippet":"max-snippet:-1","max-image-preview":"max-image-preview:large","max-video-preview":"max-video-preview:-1"},"canonical":"https:\/\/tasocagi.com\/?product=sitrin-dogal-tas-tesbih-0-orijinal-ve-sertifikali","og_locale":"tr_TR","og_type":"article","og_title":"Sitrin Do\u011fal Ta\u015f Tesbih - Sertifikal\u0131 ve Orijinal","og_description":"%100 orijinal bereket ta\u015f\u0131 sitrin do\u011fal ta\u015f tesbih modellerini ke\u015ffedin. Sertifikal\u0131 \u00fcr\u00fcnlerimizle enerjinizi y\u00fckseltin. Hemen g\u00fcvenle sat\u0131n al\u0131n!","og_url":"https:\/\/tasocagi.com\/?product=sitrin-dogal-tas-tesbih-0-orijinal-ve-sertifikali","og_site_name":"tasocagi","article_modified_time":"2026-03-11T03:15:56+00:00","og_image":[{"width":1024,"height":1024,"url":"https:\/\/tasocagi.com\/wp-content\/uploads\/2026\/02\/sitrin-8mm.jpg","type":"image\/jpeg"}],"twitter_card":"summary_large_image","twitter_misc":{"Tahmini okuma s\u00fcresi":"1 dakika"},"schema":{"@context":"https:\/\/schema.org","@graph":[{"@type":"WebPage","@id":"https:\/\/tasocagi.com\/?product=sitrin-dogal-tas-tesbih-0-orijinal-ve-sertifikali","url":"https:\/\/tasocagi.com\/?product=sitrin-dogal-tas-tesbih-0-orijinal-ve-sertifikali","name":"Sitrin Do\u011fal Ta\u015f Tesbih - Sertifikal\u0131 ve Orijinal","isPartOf":{"@id":"https:\/\/tasocagi.com\/#website"},"primaryImageOfPage":{"@id":"https:\/\/tasocagi.com\/?product=sitrin-dogal-tas-tesbih-0-orijinal-ve-sertifikali#primaryimage"},"image":{"@id":"https:\/\/tasocagi.com\/?product=sitrin-dogal-tas-tesbih-0-orijinal-ve-sertifikali#primaryimage"},"thumbnailUrl":"https:\/\/tasocagi.com\/wp-content\/uploads\/2026\/02\/sitrin-8mm.jpg","datePublished":"2026-02-26T03:31:58+00:00","dateModified":"2026-03-11T03:15:56+00:00","description":"%100 orijinal bereket ta\u015f\u0131 sitrin do\u011fal ta\u015f tesbih modellerini ke\u015ffedin. Sertifikal\u0131 \u00fcr\u00fcnlerimizle enerjinizi y\u00fckseltin. Hemen g\u00fcvenle sat\u0131n al\u0131n!","breadcrumb":{"@id":"https:\/\/tasocagi.com\/?product=sitrin-dogal-tas-tesbih-0-orijinal-ve-sertifikali#breadcrumb"},"inLanguage":"tr","potentialAction":[{"@type":"ReadAction","target":["https:\/\/tasocagi.com\/?product=sitrin-dogal-tas-tesbih-0-orijinal-ve-sertifikali"]}]},{"@type":"ImageObject","inLanguage":"tr","@id":"https:\/\/tasocagi.com\/?product=sitrin-dogal-tas-tesbih-0-orijinal-ve-sertifikali#primaryimage","url":"https:\/\/tasocagi.com\/wp-content\/uploads\/2026\/02\/sitrin-8mm.jpg","contentUrl":"https:\/\/tasocagi.com\/wp-content\/uploads\/2026\/02\/sitrin-8mm.jpg","width":1024,"height":1024},{"@type":"BreadcrumbList","@id":"https:\/\/tasocagi.com\/?product=sitrin-dogal-tas-tesbih-0-orijinal-ve-sertifikali#breadcrumb","itemListElement":[{"@type":"ListItem","position":1,"name":"Anasayfa","item":"https:\/\/tasocagi.com\/"},{"@type":"ListItem","position":2,"name":"Shop","item":"https:\/\/tasocagi.com\/?page_id=47"},{"@type":"ListItem","position":3,"name":"Sitrin Do\u011fal Ta\u015f Tesbih"}]},{"@type":"WebSite","@id":"https:\/\/tasocagi.com\/#website","url":"https:\/\/tasocagi.com\/","name":"tasocagi","description":"","potentialAction":[{"@type":"SearchAction","target":{"@type":"EntryPoint","urlTemplate":"https:\/\/tasocagi.com\/?s={search_term_string}"},"query-input":{"@type":"PropertyValueSpecification","valueRequired":true,"valueName":"search_term_string"}}],"inLanguage":"tr"}]}},"jetpack_sharing_enabled":true,"_links":{"self":[{"href":"https:\/\/tasocagi.com\/index.php?rest_route=\/wp\/v2\/product\/29379","targetHints":{"allow":["GET"]}}],"collection":[{"href":"https:\/\/tasocagi.com\/index.php?rest_route=\/wp\/v2\/product"}],"about":[{"href":"https:\/\/tasocagi.com\/index.php?rest_route=\/wp\/v2\/types\/product"}],"replies":[{"embeddable":true,"href":"https:\/\/tasocagi.com\/index.php?rest_route=%2Fwp%2Fv2%2Fcomments&post=29379"}],"version-history":[{"count":1,"href":"https:\/\/tasocagi.com\/index.php?rest_route=\/wp\/v2\/product\/29379\/revisions"}],"predecessor-version":[{"id":29384,"href":"https:\/\/tasocagi.com\/index.php?rest_route=\/wp\/v2\/product\/29379\/revisions\/29384"}],"wp:featuredmedia":[{"embeddable":true,"href":"https:\/\/tasocagi.com\/index.php?rest_route=\/wp\/v2\/media\/29383"}],"wp:attachment":[{"href":"https:\/\/tasocagi.com\/index.php?rest_route=%2Fwp%2Fv2%2Fmedia&parent=29379"}],"wp:term":[{"taxonomy":"product_brand","embeddable":true,"href":"https:\/\/tasocagi.com\/index.php?rest_route=%2Fwp%2Fv2%2Fproduct_brand&post=29379"},{"taxonomy":"product_cat","embeddable":true,"href":"https:\/\/tasocagi.com\/index.php?rest_route=%2Fwp%2Fv2%2Fproduct_cat&post=29379"},{"taxonomy":"product_tag","embeddable":true,"href":"https:\/\/tasocagi.com\/index.php?rest_route=%2Fwp%2Fv2%2Fproduct_tag&post=29379"}],"curies":[{"name":"wp","href":"https:\/\/api.w.org\/{rel}","templated":true}]}}