{"id":29391,"date":"2026-02-26T06:42:33","date_gmt":"2026-02-26T03:42:33","guid":{"rendered":"https:\/\/tasocagi.com\/?post_type=product&#038;p=29391"},"modified":"2026-03-11T06:18:16","modified_gmt":"2026-03-11T03:18:16","slug":"siyah-kaplangozu-dogal-tas-tesbih-0-orijinal","status":"publish","type":"product","link":"https:\/\/tasocagi.com\/?product=siyah-kaplangozu-dogal-tas-tesbih-0-orijinal","title":{"rendered":"Siyah Kaplang\u00f6z\u00fc Do\u011fal Ta\u015f Tesbih"},"content":{"rendered":"<h5 class=\"\">Siyah Kaplang\u00f6z\u00fc Tesbih \u2013 Black Tiger Eye<\/h5>\n<p data-start=\"48\" data-end=\"81\"><strong data-start=\"48\" data-end=\"81\">Tane Boyutu: 6mm &#8211; 8mm &#8211; 10mm<\/strong><\/p>\n<p data-start=\"83\" data-end=\"206\">\u00dcr\u00fcn foto\u011fraf\u0131 temsili olup do\u011fal ta\u015f olmas\u0131 sebebiyle renk, desen, a\u011f\u0131rl\u0131k ve boyutlarda k\u00fc\u00e7\u00fck farkl\u0131l\u0131klar g\u00f6r\u00fclebilir.<\/p>\n<p data-start=\"208\" data-end=\"288\"><strong data-start=\"208\" data-end=\"286\">T\u00dcM TA\u015eLARIMIZ SERT\u0130F\u0130KALIDIR VE OR\u0130J\u0130NALL\u0130\u011e\u0130 F\u0130RMA G\u00dcVENCEM\u0130Z ALTINDADIR.<\/strong><\/p>\n<p data-start=\"290\" data-end=\"382\">T\u00fcm T\u00fcrkiye i\u00e7in kargo \u00fccreti 60 TL&#8217;dir, 500 TL ve \u00fczeri al\u0131\u015fveri\u015flerde Kargo \u00dccretsizdir.<\/p>\n<hr data-start=\"384\" data-end=\"387\" \/>\n<h5 class=\"\">Siyah Kaplang\u00f6z\u00fc (Black Tiger Eye)<\/h5>\n<p data-start=\"429\" data-end=\"683\"><span class=\"hover:entity-accent entity-underline inline cursor-pointer align-baseline\">Tiger&#8217;s Eye<\/span>\u2019nin koyu tonlara sahip \u00f6zel bir varyetesidir. I\u015f\u0131\u011fa g\u00f6re de\u011fi\u015fen ipeksi yans\u0131malar\u0131yla dikkat \u00e7eker. G\u00fc\u00e7 ve koruma ta\u015f\u0131 olarak bilinir. Dayan\u0131kl\u0131 yap\u0131s\u0131 ve \u015f\u0131k g\u00f6r\u00fcn\u00fcm\u00fc sayesinde tesbih yap\u0131m\u0131nda s\u0131k\u00e7a tercih edilir.<\/p>\n<p data-start=\"685\" data-end=\"714\"><strong data-start=\"685\" data-end=\"714\">Faydalar\u0131 (inan\u0131\u015fa g\u00f6re):<\/strong><\/p>\n<ul>\n<li>Negatif enerjilere kar\u015f\u0131 koruyucu etki sa\u011flad\u0131\u011f\u0131 d\u00fc\u015f\u00fcn\u00fcl\u00fcr.<\/li>\n<li>Ki\u015fisel g\u00fcc\u00fc ve \u00f6zg\u00fcveni destekledi\u011fine inan\u0131l\u0131r.<\/li>\n<li>Zor d\u00f6nemlerde dayan\u0131kl\u0131l\u0131\u011f\u0131 art\u0131rmaya yard\u0131mc\u0131 oldu\u011fu kabul edilir.<\/li>\n<li>Karar verme s\u00fcre\u00e7lerinde netlik kazand\u0131rd\u0131\u011f\u0131 s\u00f6ylenir.<\/li>\n<li>Topraklay\u0131c\u0131 etkisiyle denge hissi olu\u015fturdu\u011fu d\u00fc\u015f\u00fcn\u00fcl\u00fcr.<\/li>\n<\/ul>\n<hr data-start=\"1011\" data-end=\"1014\" \/>\n<p data-start=\"1016\" data-end=\"1063\"><strong data-start=\"1016\" data-end=\"1035\">Uyumlu Bur\u00e7lar:<\/strong><br data-start=\"1035\" data-end=\"1038\" \/>\u0130kizler \u2013 Aslan \u2013 O\u011flak<\/p>\n<p data-start=\"1065\" data-end=\"1084\"><strong data-start=\"1065\" data-end=\"1082\">Uyumlu \u00c7akra:<\/strong><\/p>\n<p data-start=\"1065\" data-end=\"1084\">1.\u00c7akra (K\u00f6k \u00c7akras\u0131)<\/p>\n<p data-start=\"1065\" data-end=\"1084\">*G\u00f6rsel 8mm tesbihe aittir.<\/p>\n","protected":false},"excerpt":{"rendered":"<p>Siyah Kaplang\u00f6z\u00fc Tesbih \u2013 Black Tiger Eye Tane Boyutu: 6mm &#8211; 8mm &#8211; 10mm \u00dcr\u00fcn foto\u011fraf\u0131 temsili olup do\u011fal ta\u015f<\/p>\n","protected":false},"featured_media":29395,"comment_status":"open","ping_status":"closed","template":"","meta":[],"product_brand":[],"product_cat":[75],"product_tag":[],"class_list":{"0":"post-29391","1":"product","2":"type-product","3":"status-publish","4":"has-post-thumbnail","6":"product_cat-tesbih","8":"first","9":"instock","10":"sale","11":"taxable","12":"shipping-taxable","13":"purchasable","14":"product-type-variable"},"yoast_head":"<!-- This site is optimized with the Yoast SEO plugin v27.1.1 - https:\/\/yoast.com\/product\/yoast-seo-wordpress\/ -->\n<title>Siyah Kaplang\u00f6z\u00fc Do\u011fal Ta\u015f Tesbih - Sertifikal\u0131 ve Orijinal<\/title>\n<meta name=\"description\" content=\"%100 orijinal siyah kaplang\u00f6z\u00fc do\u011fal ta\u015f tesbih ile enerjinizi tazeleyin. Sertifikal\u0131 ve garantili \u00fcr\u00fcnlerimizi uygun fiyatlarla hemen inceleyip sipari\u015f verin.\" \/>\n<meta name=\"robots\" content=\"index, follow, max-snippet:-1, max-image-preview:large, max-video-preview:-1\" \/>\n<link rel=\"canonical\" href=\"https:\/\/tasocagi.com\/?product=siyah-kaplangozu-dogal-tas-tesbih-0-orijinal\" \/>\n<meta property=\"og:locale\" content=\"tr_TR\" \/>\n<meta property=\"og:type\" content=\"article\" \/>\n<meta property=\"og:title\" content=\"Siyah Kaplang\u00f6z\u00fc Do\u011fal Ta\u015f Tesbih - Sertifikal\u0131 ve Orijinal\" \/>\n<meta property=\"og:description\" content=\"%100 orijinal siyah kaplang\u00f6z\u00fc do\u011fal ta\u015f tesbih ile enerjinizi tazeleyin. Sertifikal\u0131 ve garantili \u00fcr\u00fcnlerimizi uygun fiyatlarla hemen inceleyip sipari\u015f verin.\" \/>\n<meta property=\"og:url\" content=\"https:\/\/tasocagi.com\/?product=siyah-kaplangozu-dogal-tas-tesbih-0-orijinal\" \/>\n<meta property=\"og:site_name\" content=\"tasocagi\" \/>\n<meta property=\"article:modified_time\" content=\"2026-03-11T03:18:16+00:00\" \/>\n<meta property=\"og:image\" content=\"https:\/\/tasocagi.com\/wp-content\/uploads\/2026\/02\/siyah-kaplangozu-8mm.jpg\" \/>\n\t<meta property=\"og:image:width\" content=\"1024\" \/>\n\t<meta property=\"og:image:height\" content=\"1024\" \/>\n\t<meta property=\"og:image:type\" content=\"image\/jpeg\" \/>\n<meta name=\"twitter:card\" content=\"summary_large_image\" \/>\n<meta name=\"twitter:label1\" content=\"Tahmini okuma s\u00fcresi\" \/>\n\t<meta name=\"twitter:data1\" content=\"2 dakika\" \/>\n<script type=\"application\/ld+json\" class=\"yoast-schema-graph\">{\"@context\":\"https:\/\/schema.org\",\"@graph\":[{\"@type\":\"WebPage\",\"@id\":\"https:\/\/tasocagi.com\/?product=siyah-kaplangozu-dogal-tas-tesbih-0-orijinal\",\"url\":\"https:\/\/tasocagi.com\/?product=siyah-kaplangozu-dogal-tas-tesbih-0-orijinal\",\"name\":\"Siyah Kaplang\u00f6z\u00fc Do\u011fal Ta\u015f Tesbih - Sertifikal\u0131 ve Orijinal\",\"isPartOf\":{\"@id\":\"https:\/\/tasocagi.com\/#website\"},\"primaryImageOfPage\":{\"@id\":\"https:\/\/tasocagi.com\/?product=siyah-kaplangozu-dogal-tas-tesbih-0-orijinal#primaryimage\"},\"image\":{\"@id\":\"https:\/\/tasocagi.com\/?product=siyah-kaplangozu-dogal-tas-tesbih-0-orijinal#primaryimage\"},\"thumbnailUrl\":\"https:\/\/tasocagi.com\/wp-content\/uploads\/2026\/02\/siyah-kaplangozu-8mm.jpg\",\"datePublished\":\"2026-02-26T03:42:33+00:00\",\"dateModified\":\"2026-03-11T03:18:16+00:00\",\"description\":\"%100 orijinal siyah kaplang\u00f6z\u00fc do\u011fal ta\u015f tesbih ile enerjinizi tazeleyin. Sertifikal\u0131 ve garantili \u00fcr\u00fcnlerimizi uygun fiyatlarla hemen inceleyip sipari\u015f verin.\",\"breadcrumb\":{\"@id\":\"https:\/\/tasocagi.com\/?product=siyah-kaplangozu-dogal-tas-tesbih-0-orijinal#breadcrumb\"},\"inLanguage\":\"tr\",\"potentialAction\":[{\"@type\":\"ReadAction\",\"target\":[\"https:\/\/tasocagi.com\/?product=siyah-kaplangozu-dogal-tas-tesbih-0-orijinal\"]}]},{\"@type\":\"ImageObject\",\"inLanguage\":\"tr\",\"@id\":\"https:\/\/tasocagi.com\/?product=siyah-kaplangozu-dogal-tas-tesbih-0-orijinal#primaryimage\",\"url\":\"https:\/\/tasocagi.com\/wp-content\/uploads\/2026\/02\/siyah-kaplangozu-8mm.jpg\",\"contentUrl\":\"https:\/\/tasocagi.com\/wp-content\/uploads\/2026\/02\/siyah-kaplangozu-8mm.jpg\",\"width\":1024,\"height\":1024},{\"@type\":\"BreadcrumbList\",\"@id\":\"https:\/\/tasocagi.com\/?product=siyah-kaplangozu-dogal-tas-tesbih-0-orijinal#breadcrumb\",\"itemListElement\":[{\"@type\":\"ListItem\",\"position\":1,\"name\":\"Anasayfa\",\"item\":\"https:\/\/tasocagi.com\/\"},{\"@type\":\"ListItem\",\"position\":2,\"name\":\"Shop\",\"item\":\"https:\/\/tasocagi.com\/?page_id=47\"},{\"@type\":\"ListItem\",\"position\":3,\"name\":\"Siyah Kaplang\u00f6z\u00fc Do\u011fal Ta\u015f Tesbih\"}]},{\"@type\":\"WebSite\",\"@id\":\"https:\/\/tasocagi.com\/#website\",\"url\":\"https:\/\/tasocagi.com\/\",\"name\":\"tasocagi\",\"description\":\"\",\"potentialAction\":[{\"@type\":\"SearchAction\",\"target\":{\"@type\":\"EntryPoint\",\"urlTemplate\":\"https:\/\/tasocagi.com\/?s={search_term_string}\"},\"query-input\":{\"@type\":\"PropertyValueSpecification\",\"valueRequired\":true,\"valueName\":\"search_term_string\"}}],\"inLanguage\":\"tr\"}]}<\/script>\n<!-- \/ Yoast SEO plugin. -->","yoast_head_json":{"title":"Siyah Kaplang\u00f6z\u00fc Do\u011fal Ta\u015f Tesbih - Sertifikal\u0131 ve Orijinal","description":"%100 orijinal siyah kaplang\u00f6z\u00fc do\u011fal ta\u015f tesbih ile enerjinizi tazeleyin. Sertifikal\u0131 ve garantili \u00fcr\u00fcnlerimizi uygun fiyatlarla hemen inceleyip sipari\u015f verin.","robots":{"index":"index","follow":"follow","max-snippet":"max-snippet:-1","max-image-preview":"max-image-preview:large","max-video-preview":"max-video-preview:-1"},"canonical":"https:\/\/tasocagi.com\/?product=siyah-kaplangozu-dogal-tas-tesbih-0-orijinal","og_locale":"tr_TR","og_type":"article","og_title":"Siyah Kaplang\u00f6z\u00fc Do\u011fal Ta\u015f Tesbih - Sertifikal\u0131 ve Orijinal","og_description":"%100 orijinal siyah kaplang\u00f6z\u00fc do\u011fal ta\u015f tesbih ile enerjinizi tazeleyin. Sertifikal\u0131 ve garantili \u00fcr\u00fcnlerimizi uygun fiyatlarla hemen inceleyip sipari\u015f verin.","og_url":"https:\/\/tasocagi.com\/?product=siyah-kaplangozu-dogal-tas-tesbih-0-orijinal","og_site_name":"tasocagi","article_modified_time":"2026-03-11T03:18:16+00:00","og_image":[{"width":1024,"height":1024,"url":"https:\/\/tasocagi.com\/wp-content\/uploads\/2026\/02\/siyah-kaplangozu-8mm.jpg","type":"image\/jpeg"}],"twitter_card":"summary_large_image","twitter_misc":{"Tahmini okuma s\u00fcresi":"2 dakika"},"schema":{"@context":"https:\/\/schema.org","@graph":[{"@type":"WebPage","@id":"https:\/\/tasocagi.com\/?product=siyah-kaplangozu-dogal-tas-tesbih-0-orijinal","url":"https:\/\/tasocagi.com\/?product=siyah-kaplangozu-dogal-tas-tesbih-0-orijinal","name":"Siyah Kaplang\u00f6z\u00fc Do\u011fal Ta\u015f Tesbih - Sertifikal\u0131 ve Orijinal","isPartOf":{"@id":"https:\/\/tasocagi.com\/#website"},"primaryImageOfPage":{"@id":"https:\/\/tasocagi.com\/?product=siyah-kaplangozu-dogal-tas-tesbih-0-orijinal#primaryimage"},"image":{"@id":"https:\/\/tasocagi.com\/?product=siyah-kaplangozu-dogal-tas-tesbih-0-orijinal#primaryimage"},"thumbnailUrl":"https:\/\/tasocagi.com\/wp-content\/uploads\/2026\/02\/siyah-kaplangozu-8mm.jpg","datePublished":"2026-02-26T03:42:33+00:00","dateModified":"2026-03-11T03:18:16+00:00","description":"%100 orijinal siyah kaplang\u00f6z\u00fc do\u011fal ta\u015f tesbih ile enerjinizi tazeleyin. Sertifikal\u0131 ve garantili \u00fcr\u00fcnlerimizi uygun fiyatlarla hemen inceleyip sipari\u015f verin.","breadcrumb":{"@id":"https:\/\/tasocagi.com\/?product=siyah-kaplangozu-dogal-tas-tesbih-0-orijinal#breadcrumb"},"inLanguage":"tr","potentialAction":[{"@type":"ReadAction","target":["https:\/\/tasocagi.com\/?product=siyah-kaplangozu-dogal-tas-tesbih-0-orijinal"]}]},{"@type":"ImageObject","inLanguage":"tr","@id":"https:\/\/tasocagi.com\/?product=siyah-kaplangozu-dogal-tas-tesbih-0-orijinal#primaryimage","url":"https:\/\/tasocagi.com\/wp-content\/uploads\/2026\/02\/siyah-kaplangozu-8mm.jpg","contentUrl":"https:\/\/tasocagi.com\/wp-content\/uploads\/2026\/02\/siyah-kaplangozu-8mm.jpg","width":1024,"height":1024},{"@type":"BreadcrumbList","@id":"https:\/\/tasocagi.com\/?product=siyah-kaplangozu-dogal-tas-tesbih-0-orijinal#breadcrumb","itemListElement":[{"@type":"ListItem","position":1,"name":"Anasayfa","item":"https:\/\/tasocagi.com\/"},{"@type":"ListItem","position":2,"name":"Shop","item":"https:\/\/tasocagi.com\/?page_id=47"},{"@type":"ListItem","position":3,"name":"Siyah Kaplang\u00f6z\u00fc Do\u011fal Ta\u015f Tesbih"}]},{"@type":"WebSite","@id":"https:\/\/tasocagi.com\/#website","url":"https:\/\/tasocagi.com\/","name":"tasocagi","description":"","potentialAction":[{"@type":"SearchAction","target":{"@type":"EntryPoint","urlTemplate":"https:\/\/tasocagi.com\/?s={search_term_string}"},"query-input":{"@type":"PropertyValueSpecification","valueRequired":true,"valueName":"search_term_string"}}],"inLanguage":"tr"}]}},"jetpack_sharing_enabled":true,"_links":{"self":[{"href":"https:\/\/tasocagi.com\/index.php?rest_route=\/wp\/v2\/product\/29391","targetHints":{"allow":["GET"]}}],"collection":[{"href":"https:\/\/tasocagi.com\/index.php?rest_route=\/wp\/v2\/product"}],"about":[{"href":"https:\/\/tasocagi.com\/index.php?rest_route=\/wp\/v2\/types\/product"}],"replies":[{"embeddable":true,"href":"https:\/\/tasocagi.com\/index.php?rest_route=%2Fwp%2Fv2%2Fcomments&post=29391"}],"version-history":[{"count":1,"href":"https:\/\/tasocagi.com\/index.php?rest_route=\/wp\/v2\/product\/29391\/revisions"}],"predecessor-version":[{"id":29396,"href":"https:\/\/tasocagi.com\/index.php?rest_route=\/wp\/v2\/product\/29391\/revisions\/29396"}],"wp:featuredmedia":[{"embeddable":true,"href":"https:\/\/tasocagi.com\/index.php?rest_route=\/wp\/v2\/media\/29395"}],"wp:attachment":[{"href":"https:\/\/tasocagi.com\/index.php?rest_route=%2Fwp%2Fv2%2Fmedia&parent=29391"}],"wp:term":[{"taxonomy":"product_brand","embeddable":true,"href":"https:\/\/tasocagi.com\/index.php?rest_route=%2Fwp%2Fv2%2Fproduct_brand&post=29391"},{"taxonomy":"product_cat","embeddable":true,"href":"https:\/\/tasocagi.com\/index.php?rest_route=%2Fwp%2Fv2%2Fproduct_cat&post=29391"},{"taxonomy":"product_tag","embeddable":true,"href":"https:\/\/tasocagi.com\/index.php?rest_route=%2Fwp%2Fv2%2Fproduct_tag&post=29391"}],"curies":[{"name":"wp","href":"https:\/\/api.w.org\/{rel}","templated":true}]}}