{"id":29397,"date":"2026-02-26T06:45:56","date_gmt":"2026-02-26T03:45:56","guid":{"rendered":"https:\/\/tasocagi.com\/?post_type=product&#038;p=29397"},"modified":"2026-03-11T06:19:21","modified_gmt":"2026-03-11T03:19:21","slug":"rainbow-obsidyen-tesbih-0-dogal-ve-orijinal-tas","status":"publish","type":"product","link":"https:\/\/tasocagi.com\/?product=rainbow-obsidyen-tesbih-0-dogal-ve-orijinal-tas","title":{"rendered":"Rainbow Obsidyen Do\u011fal Ta\u015f Tesbih"},"content":{"rendered":"<h5 class=\"\">Rainbow Obsidyen Tesbih \u2013 Rainbow Obsidian<\/h5>\n<p data-start=\"49\" data-end=\"82\"><strong data-start=\"49\" data-end=\"82\">Tane Boyutu: 6mm &#8211; 8mm &#8211; 10mm<\/strong><\/p>\n<p data-start=\"84\" data-end=\"207\">\u00dcr\u00fcn foto\u011fraf\u0131 temsili olup do\u011fal ta\u015f olmas\u0131 sebebiyle renk, desen, a\u011f\u0131rl\u0131k ve boyutlarda k\u00fc\u00e7\u00fck farkl\u0131l\u0131klar g\u00f6r\u00fclebilir.<\/p>\n<p data-start=\"209\" data-end=\"289\"><strong data-start=\"209\" data-end=\"287\">T\u00dcM TA\u015eLARIMIZ SERT\u0130F\u0130KALIDIR VE OR\u0130J\u0130NALL\u0130\u011e\u0130 F\u0130RMA G\u00dcVENCEM\u0130Z ALTINDADIR.<\/strong><\/p>\n<p data-start=\"291\" data-end=\"383\">T\u00fcm T\u00fcrkiye i\u00e7in kargo \u00fccreti 60 TL&#8217;dir, 500 TL ve \u00fczeri al\u0131\u015fveri\u015flerde Kargo \u00dccretsizdir.<\/p>\n<hr data-start=\"385\" data-end=\"388\" \/>\n<h5 class=\"\">Rainbow Obsidyen (Rainbow Obsidian)<\/h5>\n<p data-start=\"431\" data-end=\"701\"><span class=\"hover:entity-accent entity-underline inline cursor-pointer align-baseline\">Obsidian<\/span>\u2019in \u00f6zel bir t\u00fcr\u00fc olan Rainbow Obsidyen, siyah zemin \u00fczerinde \u0131\u015f\u0131\u011fa g\u00f6re ortaya \u00e7\u0131kan g\u00f6kku\u015fa\u011f\u0131 yans\u0131malar\u0131yla bilinen do\u011fal bir volkanik ta\u015fd\u0131r. G\u00fc\u00e7l\u00fc koruyucu ta\u015flar aras\u0131nda yer al\u0131r ve derin enerji temizli\u011fi ile ili\u015fkilendirilir.<\/p>\n<p data-start=\"703\" data-end=\"732\"><strong data-start=\"703\" data-end=\"732\">Faydalar\u0131 (inan\u0131\u015fa g\u00f6re):<\/strong><\/p>\n<ul>\n<li>Negatif enerjilere kar\u015f\u0131 g\u00fc\u00e7l\u00fc bir koruma sa\u011flad\u0131\u011f\u0131 d\u00fc\u015f\u00fcn\u00fcl\u00fcr.<\/li>\n<li>Duygusal blokajlar\u0131n \u00e7\u00f6z\u00fclmesine yard\u0131mc\u0131 oldu\u011funa inan\u0131l\u0131r.<\/li>\n<li>Ki\u015finin i\u00e7sel fark\u0131ndal\u0131\u011f\u0131n\u0131 art\u0131rd\u0131\u011f\u0131 ve bast\u0131r\u0131lm\u0131\u015f duygularla y\u00fczle\u015fmeyi kolayla\u015ft\u0131rd\u0131\u011f\u0131 kabul edilir.<\/li>\n<li>Ruhsal dengeyi destekledi\u011fi ve i\u00e7 huzur sa\u011flad\u0131\u011f\u0131 s\u00f6ylenir.<\/li>\n<li>Enerji alan\u0131n\u0131 ar\u0131nd\u0131rd\u0131\u011f\u0131na inan\u0131l\u0131r.<\/li>\n<\/ul>\n<hr data-start=\"1066\" data-end=\"1069\" \/>\n<p data-start=\"1071\" data-end=\"1114\"><strong data-start=\"1071\" data-end=\"1090\">Uyumlu Bur\u00e7lar:<\/strong><br data-start=\"1090\" data-end=\"1093\" \/>Akrep \u2013 O\u011flak \u2013 Yay<\/p>\n<p data-start=\"1116\" data-end=\"1135\"><strong data-start=\"1116\" data-end=\"1133\">Uyumlu \u00c7akra:<\/strong><\/p>\n<p data-start=\"1116\" data-end=\"1135\">1.\u00c7akra (K\u00f6k \u00c7akras\u0131)<\/p>\n<p data-start=\"1116\" data-end=\"1135\">*G\u00f6rsel 8mm tesbihe aittir.<\/p>\n","protected":false},"excerpt":{"rendered":"<p>Rainbow Obsidyen Tesbih \u2013 Rainbow Obsidian Tane Boyutu: 6mm &#8211; 8mm &#8211; 10mm \u00dcr\u00fcn foto\u011fraf\u0131 temsili olup do\u011fal ta\u015f olmas\u0131<\/p>\n","protected":false},"featured_media":29401,"comment_status":"open","ping_status":"closed","template":"","meta":[],"product_brand":[],"product_cat":[75],"product_tag":[],"class_list":{"0":"post-29397","1":"product","2":"type-product","3":"status-publish","4":"has-post-thumbnail","6":"product_cat-tesbih","8":"first","9":"instock","10":"sale","11":"taxable","12":"shipping-taxable","13":"purchasable","14":"product-type-variable"},"yoast_head":"<!-- This site is optimized with the Yoast SEO plugin v27.1.1 - https:\/\/yoast.com\/product\/yoast-seo-wordpress\/ -->\n<title>Rainbow Obsidyen Do\u011fal Ta\u015f Tesbih - Sertifikal\u0131 ve Orijinal<\/title>\n<meta name=\"description\" content=\"%100 orijinal ve sertifikal\u0131 rainbow obsidyen tesbih modellerini ke\u015ffedin. Do\u011fal ta\u015f\u0131n enerjisini ve zarafetini hemen sipari\u015f verin, g\u00fcvenle kullan\u0131n.\" \/>\n<meta name=\"robots\" content=\"index, follow, max-snippet:-1, max-image-preview:large, max-video-preview:-1\" \/>\n<link rel=\"canonical\" href=\"https:\/\/tasocagi.com\/?product=rainbow-obsidyen-tesbih-0-dogal-ve-orijinal-tas\" \/>\n<meta property=\"og:locale\" content=\"tr_TR\" \/>\n<meta property=\"og:type\" content=\"article\" \/>\n<meta property=\"og:title\" content=\"Rainbow Obsidyen Do\u011fal Ta\u015f Tesbih - Sertifikal\u0131 ve Orijinal\" \/>\n<meta property=\"og:description\" content=\"%100 orijinal ve sertifikal\u0131 rainbow obsidyen tesbih modellerini ke\u015ffedin. Do\u011fal ta\u015f\u0131n enerjisini ve zarafetini hemen sipari\u015f verin, g\u00fcvenle kullan\u0131n.\" \/>\n<meta property=\"og:url\" content=\"https:\/\/tasocagi.com\/?product=rainbow-obsidyen-tesbih-0-dogal-ve-orijinal-tas\" \/>\n<meta property=\"og:site_name\" content=\"tasocagi\" \/>\n<meta property=\"article:modified_time\" content=\"2026-03-11T03:19:21+00:00\" \/>\n<meta property=\"og:image\" content=\"https:\/\/tasocagi.com\/wp-content\/uploads\/2026\/02\/rainbow-absidyen.jpg\" \/>\n\t<meta property=\"og:image:width\" content=\"1024\" \/>\n\t<meta property=\"og:image:height\" content=\"1024\" \/>\n\t<meta property=\"og:image:type\" content=\"image\/jpeg\" \/>\n<meta name=\"twitter:card\" content=\"summary_large_image\" \/>\n<meta name=\"twitter:label1\" content=\"Tahmini okuma s\u00fcresi\" \/>\n\t<meta name=\"twitter:data1\" content=\"2 dakika\" \/>\n<script type=\"application\/ld+json\" class=\"yoast-schema-graph\">{\"@context\":\"https:\/\/schema.org\",\"@graph\":[{\"@type\":\"WebPage\",\"@id\":\"https:\/\/tasocagi.com\/?product=rainbow-obsidyen-tesbih-0-dogal-ve-orijinal-tas\",\"url\":\"https:\/\/tasocagi.com\/?product=rainbow-obsidyen-tesbih-0-dogal-ve-orijinal-tas\",\"name\":\"Rainbow Obsidyen Do\u011fal Ta\u015f Tesbih - Sertifikal\u0131 ve Orijinal\",\"isPartOf\":{\"@id\":\"https:\/\/tasocagi.com\/#website\"},\"primaryImageOfPage\":{\"@id\":\"https:\/\/tasocagi.com\/?product=rainbow-obsidyen-tesbih-0-dogal-ve-orijinal-tas#primaryimage\"},\"image\":{\"@id\":\"https:\/\/tasocagi.com\/?product=rainbow-obsidyen-tesbih-0-dogal-ve-orijinal-tas#primaryimage\"},\"thumbnailUrl\":\"https:\/\/tasocagi.com\/wp-content\/uploads\/2026\/02\/rainbow-absidyen.jpg\",\"datePublished\":\"2026-02-26T03:45:56+00:00\",\"dateModified\":\"2026-03-11T03:19:21+00:00\",\"description\":\"%100 orijinal ve sertifikal\u0131 rainbow obsidyen tesbih modellerini ke\u015ffedin. Do\u011fal ta\u015f\u0131n enerjisini ve zarafetini hemen sipari\u015f verin, g\u00fcvenle kullan\u0131n.\",\"breadcrumb\":{\"@id\":\"https:\/\/tasocagi.com\/?product=rainbow-obsidyen-tesbih-0-dogal-ve-orijinal-tas#breadcrumb\"},\"inLanguage\":\"tr\",\"potentialAction\":[{\"@type\":\"ReadAction\",\"target\":[\"https:\/\/tasocagi.com\/?product=rainbow-obsidyen-tesbih-0-dogal-ve-orijinal-tas\"]}]},{\"@type\":\"ImageObject\",\"inLanguage\":\"tr\",\"@id\":\"https:\/\/tasocagi.com\/?product=rainbow-obsidyen-tesbih-0-dogal-ve-orijinal-tas#primaryimage\",\"url\":\"https:\/\/tasocagi.com\/wp-content\/uploads\/2026\/02\/rainbow-absidyen.jpg\",\"contentUrl\":\"https:\/\/tasocagi.com\/wp-content\/uploads\/2026\/02\/rainbow-absidyen.jpg\",\"width\":1024,\"height\":1024},{\"@type\":\"BreadcrumbList\",\"@id\":\"https:\/\/tasocagi.com\/?product=rainbow-obsidyen-tesbih-0-dogal-ve-orijinal-tas#breadcrumb\",\"itemListElement\":[{\"@type\":\"ListItem\",\"position\":1,\"name\":\"Anasayfa\",\"item\":\"https:\/\/tasocagi.com\/\"},{\"@type\":\"ListItem\",\"position\":2,\"name\":\"Shop\",\"item\":\"https:\/\/tasocagi.com\/?page_id=47\"},{\"@type\":\"ListItem\",\"position\":3,\"name\":\"Rainbow Obsidyen Do\u011fal Ta\u015f Tesbih\"}]},{\"@type\":\"WebSite\",\"@id\":\"https:\/\/tasocagi.com\/#website\",\"url\":\"https:\/\/tasocagi.com\/\",\"name\":\"tasocagi\",\"description\":\"\",\"potentialAction\":[{\"@type\":\"SearchAction\",\"target\":{\"@type\":\"EntryPoint\",\"urlTemplate\":\"https:\/\/tasocagi.com\/?s={search_term_string}\"},\"query-input\":{\"@type\":\"PropertyValueSpecification\",\"valueRequired\":true,\"valueName\":\"search_term_string\"}}],\"inLanguage\":\"tr\"}]}<\/script>\n<!-- \/ Yoast SEO plugin. -->","yoast_head_json":{"title":"Rainbow Obsidyen Do\u011fal Ta\u015f Tesbih - Sertifikal\u0131 ve Orijinal","description":"%100 orijinal ve sertifikal\u0131 rainbow obsidyen tesbih modellerini ke\u015ffedin. Do\u011fal ta\u015f\u0131n enerjisini ve zarafetini hemen sipari\u015f verin, g\u00fcvenle kullan\u0131n.","robots":{"index":"index","follow":"follow","max-snippet":"max-snippet:-1","max-image-preview":"max-image-preview:large","max-video-preview":"max-video-preview:-1"},"canonical":"https:\/\/tasocagi.com\/?product=rainbow-obsidyen-tesbih-0-dogal-ve-orijinal-tas","og_locale":"tr_TR","og_type":"article","og_title":"Rainbow Obsidyen Do\u011fal Ta\u015f Tesbih - Sertifikal\u0131 ve Orijinal","og_description":"%100 orijinal ve sertifikal\u0131 rainbow obsidyen tesbih modellerini ke\u015ffedin. Do\u011fal ta\u015f\u0131n enerjisini ve zarafetini hemen sipari\u015f verin, g\u00fcvenle kullan\u0131n.","og_url":"https:\/\/tasocagi.com\/?product=rainbow-obsidyen-tesbih-0-dogal-ve-orijinal-tas","og_site_name":"tasocagi","article_modified_time":"2026-03-11T03:19:21+00:00","og_image":[{"width":1024,"height":1024,"url":"https:\/\/tasocagi.com\/wp-content\/uploads\/2026\/02\/rainbow-absidyen.jpg","type":"image\/jpeg"}],"twitter_card":"summary_large_image","twitter_misc":{"Tahmini okuma s\u00fcresi":"2 dakika"},"schema":{"@context":"https:\/\/schema.org","@graph":[{"@type":"WebPage","@id":"https:\/\/tasocagi.com\/?product=rainbow-obsidyen-tesbih-0-dogal-ve-orijinal-tas","url":"https:\/\/tasocagi.com\/?product=rainbow-obsidyen-tesbih-0-dogal-ve-orijinal-tas","name":"Rainbow Obsidyen Do\u011fal Ta\u015f Tesbih - Sertifikal\u0131 ve Orijinal","isPartOf":{"@id":"https:\/\/tasocagi.com\/#website"},"primaryImageOfPage":{"@id":"https:\/\/tasocagi.com\/?product=rainbow-obsidyen-tesbih-0-dogal-ve-orijinal-tas#primaryimage"},"image":{"@id":"https:\/\/tasocagi.com\/?product=rainbow-obsidyen-tesbih-0-dogal-ve-orijinal-tas#primaryimage"},"thumbnailUrl":"https:\/\/tasocagi.com\/wp-content\/uploads\/2026\/02\/rainbow-absidyen.jpg","datePublished":"2026-02-26T03:45:56+00:00","dateModified":"2026-03-11T03:19:21+00:00","description":"%100 orijinal ve sertifikal\u0131 rainbow obsidyen tesbih modellerini ke\u015ffedin. Do\u011fal ta\u015f\u0131n enerjisini ve zarafetini hemen sipari\u015f verin, g\u00fcvenle kullan\u0131n.","breadcrumb":{"@id":"https:\/\/tasocagi.com\/?product=rainbow-obsidyen-tesbih-0-dogal-ve-orijinal-tas#breadcrumb"},"inLanguage":"tr","potentialAction":[{"@type":"ReadAction","target":["https:\/\/tasocagi.com\/?product=rainbow-obsidyen-tesbih-0-dogal-ve-orijinal-tas"]}]},{"@type":"ImageObject","inLanguage":"tr","@id":"https:\/\/tasocagi.com\/?product=rainbow-obsidyen-tesbih-0-dogal-ve-orijinal-tas#primaryimage","url":"https:\/\/tasocagi.com\/wp-content\/uploads\/2026\/02\/rainbow-absidyen.jpg","contentUrl":"https:\/\/tasocagi.com\/wp-content\/uploads\/2026\/02\/rainbow-absidyen.jpg","width":1024,"height":1024},{"@type":"BreadcrumbList","@id":"https:\/\/tasocagi.com\/?product=rainbow-obsidyen-tesbih-0-dogal-ve-orijinal-tas#breadcrumb","itemListElement":[{"@type":"ListItem","position":1,"name":"Anasayfa","item":"https:\/\/tasocagi.com\/"},{"@type":"ListItem","position":2,"name":"Shop","item":"https:\/\/tasocagi.com\/?page_id=47"},{"@type":"ListItem","position":3,"name":"Rainbow Obsidyen Do\u011fal Ta\u015f Tesbih"}]},{"@type":"WebSite","@id":"https:\/\/tasocagi.com\/#website","url":"https:\/\/tasocagi.com\/","name":"tasocagi","description":"","potentialAction":[{"@type":"SearchAction","target":{"@type":"EntryPoint","urlTemplate":"https:\/\/tasocagi.com\/?s={search_term_string}"},"query-input":{"@type":"PropertyValueSpecification","valueRequired":true,"valueName":"search_term_string"}}],"inLanguage":"tr"}]}},"jetpack_sharing_enabled":true,"_links":{"self":[{"href":"https:\/\/tasocagi.com\/index.php?rest_route=\/wp\/v2\/product\/29397","targetHints":{"allow":["GET"]}}],"collection":[{"href":"https:\/\/tasocagi.com\/index.php?rest_route=\/wp\/v2\/product"}],"about":[{"href":"https:\/\/tasocagi.com\/index.php?rest_route=\/wp\/v2\/types\/product"}],"replies":[{"embeddable":true,"href":"https:\/\/tasocagi.com\/index.php?rest_route=%2Fwp%2Fv2%2Fcomments&post=29397"}],"version-history":[{"count":1,"href":"https:\/\/tasocagi.com\/index.php?rest_route=\/wp\/v2\/product\/29397\/revisions"}],"predecessor-version":[{"id":29402,"href":"https:\/\/tasocagi.com\/index.php?rest_route=\/wp\/v2\/product\/29397\/revisions\/29402"}],"wp:featuredmedia":[{"embeddable":true,"href":"https:\/\/tasocagi.com\/index.php?rest_route=\/wp\/v2\/media\/29401"}],"wp:attachment":[{"href":"https:\/\/tasocagi.com\/index.php?rest_route=%2Fwp%2Fv2%2Fmedia&parent=29397"}],"wp:term":[{"taxonomy":"product_brand","embeddable":true,"href":"https:\/\/tasocagi.com\/index.php?rest_route=%2Fwp%2Fv2%2Fproduct_brand&post=29397"},{"taxonomy":"product_cat","embeddable":true,"href":"https:\/\/tasocagi.com\/index.php?rest_route=%2Fwp%2Fv2%2Fproduct_cat&post=29397"},{"taxonomy":"product_tag","embeddable":true,"href":"https:\/\/tasocagi.com\/index.php?rest_route=%2Fwp%2Fv2%2Fproduct_tag&post=29397"}],"curies":[{"name":"wp","href":"https:\/\/api.w.org\/{rel}","templated":true}]}}