{"id":29544,"date":"2026-04-07T11:38:02","date_gmt":"2026-04-07T08:38:02","guid":{"rendered":"https:\/\/tasocagi.com\/?post_type=product&#038;p=29544"},"modified":"2026-04-07T11:41:02","modified_gmt":"2026-04-07T08:41:02","slug":"ametist-dogal-tas-kolye-tas-ocagi","status":"publish","type":"product","link":"https:\/\/tasocagi.com\/?product=ametist-dogal-tas-kolye-tas-ocagi","title":{"rendered":"Ametist Do\u011fal Ta\u015f Kolye"},"content":{"rendered":"<h2 data-section-id=\"17kh9ah\" data-start=\"0\" data-end=\"39\">Ametist Do\u011fal Ta\u015f Kolye \u2013 Amethyst<\/h2>\n<p data-start=\"41\" data-end=\"61\"><strong data-start=\"41\" data-end=\"61\">Tane Boyutu: 2mm<\/strong><\/p>\n<p data-start=\"63\" data-end=\"186\">\u00dcr\u00fcn foto\u011fraf\u0131 temsili olup do\u011fal ta\u015f olmas\u0131 sebebiyle renk, desen, a\u011f\u0131rl\u0131k ve boyutlarda k\u00fc\u00e7\u00fck farkl\u0131l\u0131klar g\u00f6r\u00fclebilir.<\/p>\n<p data-start=\"188\" data-end=\"268\"><strong data-start=\"188\" data-end=\"266\">T\u00dcM TA\u015eLARIMIZ SERT\u0130F\u0130KALIDIR VE OR\u0130J\u0130NALL\u0130\u011e\u0130 F\u0130RMA G\u00dcVENCEM\u0130Z ALTINDADIR.<\/strong><\/p>\n<p data-start=\"270\" data-end=\"362\">T\u00fcm T\u00fcrkiye i\u00e7in kargo \u00fccreti 60 TL&#8217;dir, 500 TL ve \u00fczeri al\u0131\u015fveri\u015flerde Kargo \u00dccretsizdir.<\/p>\n<hr data-start=\"364\" data-end=\"367\" \/>\n<h3 data-section-id=\"fq9lz3\" data-start=\"369\" data-end=\"391\">Ametist (Amethyst)<\/h3>\n<p data-start=\"393\" data-end=\"610\"><span class=\"hover:entity-accent entity-underline inline cursor-pointer align-baseline\"><span class=\"whitespace-normal\">Amethyst<\/span><\/span>, mor tonlar\u0131yla bilinen ve en pop\u00fcler do\u011fal ta\u015flardan biridir. Zarif ve ince yap\u0131s\u0131 sayesinde kolye olarak \u015f\u0131k ve minimal bir g\u00f6r\u00fcn\u00fcm sunar. Sakinlik ve huzur ta\u015f\u0131 olarak bilinir.<\/p>\n<p data-start=\"612\" data-end=\"641\"><strong data-start=\"612\" data-end=\"641\">Faydalar\u0131 (inan\u0131\u015fa g\u00f6re):<\/strong><\/p>\n<p data-start=\"643\" data-end=\"888\">Stresi azaltmaya yard\u0131mc\u0131 oldu\u011fu d\u00fc\u015f\u00fcn\u00fcl\u00fcr. Zihinsel dinginlik ve huzur sa\u011flad\u0131\u011f\u0131na inan\u0131l\u0131r. Negatif enerjilere kar\u015f\u0131 koruyucu etki olu\u015fturdu\u011fu kabul edilir. Uyku kalitesini destekledi\u011fi s\u00f6ylenir. \u0130\u00e7 huzur ve dengeyi g\u00fc\u00e7lendirdi\u011fine inan\u0131l\u0131r.<\/p>\n<hr data-start=\"890\" data-end=\"893\" \/>\n<p data-start=\"895\" data-end=\"937\"><strong data-start=\"895\" data-end=\"914\">Uyumlu Bur\u00e7lar:<\/strong><br data-start=\"914\" data-end=\"917\" \/>Kova \u2013 Bal\u0131k \u2013 Yay<\/p>\n<p data-start=\"939\" data-end=\"983\"><strong data-start=\"939\" data-end=\"956\">Uyumlu \u00c7akra:<\/strong><br data-start=\"956\" data-end=\"959\" \/>7. \u00c7akra (Ta\u00e7 \u00c7akras\u0131)<\/p>\n<p data-start=\"939\" data-end=\"983\">* Paket \u0130\u00e7eri\u011fi : 1 adet do\u011fal ta\u015f kolye<\/p>\n","protected":false},"excerpt":{"rendered":"<p>Ametist Do\u011fal Ta\u015f Kolye \u2013 Amethyst Tane Boyutu: 2mm \u00dcr\u00fcn foto\u011fraf\u0131 temsili olup do\u011fal ta\u015f olmas\u0131 sebebiyle renk, desen, a\u011f\u0131rl\u0131k<\/p>\n","protected":false},"featured_media":29545,"comment_status":"open","ping_status":"closed","template":"","meta":[],"product_brand":[],"product_cat":[80],"product_tag":[],"class_list":{"0":"post-29544","1":"product","2":"type-product","3":"status-publish","4":"has-post-thumbnail","6":"product_cat-kolye","8":"first","9":"instock","10":"sale","11":"taxable","12":"shipping-taxable","13":"purchasable","14":"product-type-simple"},"yoast_head":"<!-- This site is optimized with the Yoast SEO plugin v27.1.1 - https:\/\/yoast.com\/product\/yoast-seo-wordpress\/ -->\n<title>Ametist Do\u011fal Ta\u015f Kolye - tasocagi<\/title>\n<meta name=\"description\" content=\"Ametist do\u011fal ta\u015f kolye 2mm zarif ve \u015f\u0131k tasar\u0131m\u0131yla g\u00fcnl\u00fck kullan\u0131ma uygundur. T\u00fcm \u00fcr\u00fcnler sertifikal\u0131 ve orijinaldir. Ta\u015f Oca\u011f\u0131 g\u00fcvencesiyle sunulur. 500 TL \u00fczeri \u00fccretsiz kargo avantaj\u0131yla hemen sipari\u015f verin.\" \/>\n<meta name=\"robots\" content=\"index, follow, max-snippet:-1, max-image-preview:large, max-video-preview:-1\" \/>\n<link rel=\"canonical\" href=\"https:\/\/tasocagi.com\/?product=ametist-dogal-tas-kolye-tas-ocagi\" \/>\n<meta property=\"og:locale\" content=\"tr_TR\" \/>\n<meta property=\"og:type\" content=\"article\" \/>\n<meta property=\"og:title\" content=\"Ametist Do\u011fal Ta\u015f Kolye - tasocagi\" \/>\n<meta property=\"og:description\" content=\"Ametist do\u011fal ta\u015f kolye 2mm zarif ve \u015f\u0131k tasar\u0131m\u0131yla g\u00fcnl\u00fck kullan\u0131ma uygundur. T\u00fcm \u00fcr\u00fcnler sertifikal\u0131 ve orijinaldir. Ta\u015f Oca\u011f\u0131 g\u00fcvencesiyle sunulur. 500 TL \u00fczeri \u00fccretsiz kargo avantaj\u0131yla hemen sipari\u015f verin.\" \/>\n<meta property=\"og:url\" content=\"https:\/\/tasocagi.com\/?product=ametist-dogal-tas-kolye-tas-ocagi\" \/>\n<meta property=\"og:site_name\" content=\"tasocagi\" \/>\n<meta property=\"article:modified_time\" content=\"2026-04-07T08:41:02+00:00\" \/>\n<meta property=\"og:image\" content=\"https:\/\/tasocagi.com\/wp-content\/uploads\/2026\/04\/rlIxXDtXCTGPAg9QMAgFQ_wF8VooN3_00001.jpg\" \/>\n\t<meta property=\"og:image:width\" content=\"1024\" \/>\n\t<meta property=\"og:image:height\" content=\"1024\" \/>\n\t<meta property=\"og:image:type\" content=\"image\/jpeg\" \/>\n<meta name=\"twitter:card\" content=\"summary_large_image\" \/>\n<meta name=\"twitter:label1\" content=\"Tahmini okuma s\u00fcresi\" \/>\n\t<meta name=\"twitter:data1\" content=\"1 dakika\" \/>\n<script type=\"application\/ld+json\" class=\"yoast-schema-graph\">{\"@context\":\"https:\/\/schema.org\",\"@graph\":[{\"@type\":\"WebPage\",\"@id\":\"https:\/\/tasocagi.com\/?product=ametist-dogal-tas-kolye-tas-ocagi\",\"url\":\"https:\/\/tasocagi.com\/?product=ametist-dogal-tas-kolye-tas-ocagi\",\"name\":\"Ametist Do\u011fal Ta\u015f Kolye - tasocagi\",\"isPartOf\":{\"@id\":\"https:\/\/tasocagi.com\/#website\"},\"primaryImageOfPage\":{\"@id\":\"https:\/\/tasocagi.com\/?product=ametist-dogal-tas-kolye-tas-ocagi#primaryimage\"},\"image\":{\"@id\":\"https:\/\/tasocagi.com\/?product=ametist-dogal-tas-kolye-tas-ocagi#primaryimage\"},\"thumbnailUrl\":\"https:\/\/tasocagi.com\/wp-content\/uploads\/2026\/04\/rlIxXDtXCTGPAg9QMAgFQ_wF8VooN3_00001.jpg\",\"datePublished\":\"2026-04-07T08:38:02+00:00\",\"dateModified\":\"2026-04-07T08:41:02+00:00\",\"description\":\"Ametist do\u011fal ta\u015f kolye 2mm zarif ve \u015f\u0131k tasar\u0131m\u0131yla g\u00fcnl\u00fck kullan\u0131ma uygundur. T\u00fcm \u00fcr\u00fcnler sertifikal\u0131 ve orijinaldir. Ta\u015f Oca\u011f\u0131 g\u00fcvencesiyle sunulur. 500 TL \u00fczeri \u00fccretsiz kargo avantaj\u0131yla hemen sipari\u015f verin.\",\"breadcrumb\":{\"@id\":\"https:\/\/tasocagi.com\/?product=ametist-dogal-tas-kolye-tas-ocagi#breadcrumb\"},\"inLanguage\":\"tr\",\"potentialAction\":[{\"@type\":\"ReadAction\",\"target\":[\"https:\/\/tasocagi.com\/?product=ametist-dogal-tas-kolye-tas-ocagi\"]}]},{\"@type\":\"ImageObject\",\"inLanguage\":\"tr\",\"@id\":\"https:\/\/tasocagi.com\/?product=ametist-dogal-tas-kolye-tas-ocagi#primaryimage\",\"url\":\"https:\/\/tasocagi.com\/wp-content\/uploads\/2026\/04\/rlIxXDtXCTGPAg9QMAgFQ_wF8VooN3_00001.jpg\",\"contentUrl\":\"https:\/\/tasocagi.com\/wp-content\/uploads\/2026\/04\/rlIxXDtXCTGPAg9QMAgFQ_wF8VooN3_00001.jpg\",\"width\":1024,\"height\":1024},{\"@type\":\"BreadcrumbList\",\"@id\":\"https:\/\/tasocagi.com\/?product=ametist-dogal-tas-kolye-tas-ocagi#breadcrumb\",\"itemListElement\":[{\"@type\":\"ListItem\",\"position\":1,\"name\":\"Anasayfa\",\"item\":\"https:\/\/tasocagi.com\/\"},{\"@type\":\"ListItem\",\"position\":2,\"name\":\"Shop\",\"item\":\"https:\/\/tasocagi.com\/?page_id=47\"},{\"@type\":\"ListItem\",\"position\":3,\"name\":\"Ametist Do\u011fal Ta\u015f Kolye\"}]},{\"@type\":\"WebSite\",\"@id\":\"https:\/\/tasocagi.com\/#website\",\"url\":\"https:\/\/tasocagi.com\/\",\"name\":\"tasocagi\",\"description\":\"\",\"potentialAction\":[{\"@type\":\"SearchAction\",\"target\":{\"@type\":\"EntryPoint\",\"urlTemplate\":\"https:\/\/tasocagi.com\/?s={search_term_string}\"},\"query-input\":{\"@type\":\"PropertyValueSpecification\",\"valueRequired\":true,\"valueName\":\"search_term_string\"}}],\"inLanguage\":\"tr\"}]}<\/script>\n<!-- \/ Yoast SEO plugin. -->","yoast_head_json":{"title":"Ametist Do\u011fal Ta\u015f Kolye - tasocagi","description":"Ametist do\u011fal ta\u015f kolye 2mm zarif ve \u015f\u0131k tasar\u0131m\u0131yla g\u00fcnl\u00fck kullan\u0131ma uygundur. T\u00fcm \u00fcr\u00fcnler sertifikal\u0131 ve orijinaldir. Ta\u015f Oca\u011f\u0131 g\u00fcvencesiyle sunulur. 500 TL \u00fczeri \u00fccretsiz kargo avantaj\u0131yla hemen sipari\u015f verin.","robots":{"index":"index","follow":"follow","max-snippet":"max-snippet:-1","max-image-preview":"max-image-preview:large","max-video-preview":"max-video-preview:-1"},"canonical":"https:\/\/tasocagi.com\/?product=ametist-dogal-tas-kolye-tas-ocagi","og_locale":"tr_TR","og_type":"article","og_title":"Ametist Do\u011fal Ta\u015f Kolye - tasocagi","og_description":"Ametist do\u011fal ta\u015f kolye 2mm zarif ve \u015f\u0131k tasar\u0131m\u0131yla g\u00fcnl\u00fck kullan\u0131ma uygundur. T\u00fcm \u00fcr\u00fcnler sertifikal\u0131 ve orijinaldir. Ta\u015f Oca\u011f\u0131 g\u00fcvencesiyle sunulur. 500 TL \u00fczeri \u00fccretsiz kargo avantaj\u0131yla hemen sipari\u015f verin.","og_url":"https:\/\/tasocagi.com\/?product=ametist-dogal-tas-kolye-tas-ocagi","og_site_name":"tasocagi","article_modified_time":"2026-04-07T08:41:02+00:00","og_image":[{"width":1024,"height":1024,"url":"https:\/\/tasocagi.com\/wp-content\/uploads\/2026\/04\/rlIxXDtXCTGPAg9QMAgFQ_wF8VooN3_00001.jpg","type":"image\/jpeg"}],"twitter_card":"summary_large_image","twitter_misc":{"Tahmini okuma s\u00fcresi":"1 dakika"},"schema":{"@context":"https:\/\/schema.org","@graph":[{"@type":"WebPage","@id":"https:\/\/tasocagi.com\/?product=ametist-dogal-tas-kolye-tas-ocagi","url":"https:\/\/tasocagi.com\/?product=ametist-dogal-tas-kolye-tas-ocagi","name":"Ametist Do\u011fal Ta\u015f Kolye - tasocagi","isPartOf":{"@id":"https:\/\/tasocagi.com\/#website"},"primaryImageOfPage":{"@id":"https:\/\/tasocagi.com\/?product=ametist-dogal-tas-kolye-tas-ocagi#primaryimage"},"image":{"@id":"https:\/\/tasocagi.com\/?product=ametist-dogal-tas-kolye-tas-ocagi#primaryimage"},"thumbnailUrl":"https:\/\/tasocagi.com\/wp-content\/uploads\/2026\/04\/rlIxXDtXCTGPAg9QMAgFQ_wF8VooN3_00001.jpg","datePublished":"2026-04-07T08:38:02+00:00","dateModified":"2026-04-07T08:41:02+00:00","description":"Ametist do\u011fal ta\u015f kolye 2mm zarif ve \u015f\u0131k tasar\u0131m\u0131yla g\u00fcnl\u00fck kullan\u0131ma uygundur. T\u00fcm \u00fcr\u00fcnler sertifikal\u0131 ve orijinaldir. Ta\u015f Oca\u011f\u0131 g\u00fcvencesiyle sunulur. 500 TL \u00fczeri \u00fccretsiz kargo avantaj\u0131yla hemen sipari\u015f verin.","breadcrumb":{"@id":"https:\/\/tasocagi.com\/?product=ametist-dogal-tas-kolye-tas-ocagi#breadcrumb"},"inLanguage":"tr","potentialAction":[{"@type":"ReadAction","target":["https:\/\/tasocagi.com\/?product=ametist-dogal-tas-kolye-tas-ocagi"]}]},{"@type":"ImageObject","inLanguage":"tr","@id":"https:\/\/tasocagi.com\/?product=ametist-dogal-tas-kolye-tas-ocagi#primaryimage","url":"https:\/\/tasocagi.com\/wp-content\/uploads\/2026\/04\/rlIxXDtXCTGPAg9QMAgFQ_wF8VooN3_00001.jpg","contentUrl":"https:\/\/tasocagi.com\/wp-content\/uploads\/2026\/04\/rlIxXDtXCTGPAg9QMAgFQ_wF8VooN3_00001.jpg","width":1024,"height":1024},{"@type":"BreadcrumbList","@id":"https:\/\/tasocagi.com\/?product=ametist-dogal-tas-kolye-tas-ocagi#breadcrumb","itemListElement":[{"@type":"ListItem","position":1,"name":"Anasayfa","item":"https:\/\/tasocagi.com\/"},{"@type":"ListItem","position":2,"name":"Shop","item":"https:\/\/tasocagi.com\/?page_id=47"},{"@type":"ListItem","position":3,"name":"Ametist Do\u011fal Ta\u015f Kolye"}]},{"@type":"WebSite","@id":"https:\/\/tasocagi.com\/#website","url":"https:\/\/tasocagi.com\/","name":"tasocagi","description":"","potentialAction":[{"@type":"SearchAction","target":{"@type":"EntryPoint","urlTemplate":"https:\/\/tasocagi.com\/?s={search_term_string}"},"query-input":{"@type":"PropertyValueSpecification","valueRequired":true,"valueName":"search_term_string"}}],"inLanguage":"tr"}]}},"jetpack_sharing_enabled":true,"_links":{"self":[{"href":"https:\/\/tasocagi.com\/index.php?rest_route=\/wp\/v2\/product\/29544","targetHints":{"allow":["GET"]}}],"collection":[{"href":"https:\/\/tasocagi.com\/index.php?rest_route=\/wp\/v2\/product"}],"about":[{"href":"https:\/\/tasocagi.com\/index.php?rest_route=\/wp\/v2\/types\/product"}],"replies":[{"embeddable":true,"href":"https:\/\/tasocagi.com\/index.php?rest_route=%2Fwp%2Fv2%2Fcomments&post=29544"}],"version-history":[{"count":2,"href":"https:\/\/tasocagi.com\/index.php?rest_route=\/wp\/v2\/product\/29544\/revisions"}],"predecessor-version":[{"id":29547,"href":"https:\/\/tasocagi.com\/index.php?rest_route=\/wp\/v2\/product\/29544\/revisions\/29547"}],"wp:featuredmedia":[{"embeddable":true,"href":"https:\/\/tasocagi.com\/index.php?rest_route=\/wp\/v2\/media\/29545"}],"wp:attachment":[{"href":"https:\/\/tasocagi.com\/index.php?rest_route=%2Fwp%2Fv2%2Fmedia&parent=29544"}],"wp:term":[{"taxonomy":"product_brand","embeddable":true,"href":"https:\/\/tasocagi.com\/index.php?rest_route=%2Fwp%2Fv2%2Fproduct_brand&post=29544"},{"taxonomy":"product_cat","embeddable":true,"href":"https:\/\/tasocagi.com\/index.php?rest_route=%2Fwp%2Fv2%2Fproduct_cat&post=29544"},{"taxonomy":"product_tag","embeddable":true,"href":"https:\/\/tasocagi.com\/index.php?rest_route=%2Fwp%2Fv2%2Fproduct_tag&post=29544"}],"curies":[{"name":"wp","href":"https:\/\/api.w.org\/{rel}","templated":true}]}}